{"id":52032,"date":"2025-01-03T15:59:57","date_gmt":"2025-01-03T15:59:57","guid":{"rendered":"https:\/\/murter.riot.hr\/?post_type=product&#038;p=52032"},"modified":"2025-04-13T10:10:31","modified_gmt":"2025-04-13T09:10:31","slug":"apartman-mira-sunshine-a2-id-54","status":"publish","type":"product","link":"https:\/\/murter-online.com\/hr\/proizvod\/apartman-mira-sunshine-a2-id-54\/","title":{"rendered":"Apartman sa pogledom na more za 2 osobe Mira Murter A2 ID 54"},"content":{"rendered":"","protected":false},"excerpt":{"rendered":"<p>Raspored prostorija: Kuhinja,,Dnevni boravak,,Blagavaonica,, Broj spava\u0107ih soba s bra\u010dnim krevetom: 1,Broj kupaonica s tu\u0161em i wc-om: 1,Veli\u010dina terase: Oprema smje\u0161tajne jedinice: Klimatizacija,Sat TV,Nema perilice rublja, Hladnjak,\u0160tednjak,TV,Grijanje,Radio\/CD,Internet,Ro\u0161tilj, Pozicija i eksterijer smje\u0161tajne jedinice: Pogled na more, Zajedni\u010dki ulaz,1. kat, Dodatne informacije: Check in od : 14sati,Check out do: 10sati, Ku\u0107ni ljubimci nisu dozvoljeni,Nije dozvoljeno pu\u0161enje, Cijena uklju\u010duje: Tjedno mjenjanje posteljine,Ru\u010dnici,Pribor za kuhanje i jelo,Utro\u0161ak struje, vode i plina,Pribor za \u010di\u0161\u0107enje,Toaletni papir (pri dolasku),Zavr\u0161no \u010di\u0161\u0107enje,<\/p>\n","protected":false},"featured_media":23585,"template":"","meta":{"_acf_changed":false},"product_brand":[],"product_cat":[129,133,135],"product_tag":[],"class_list":{"0":"post-52032","1":"product","2":"type-product","3":"status-publish","4":"has-post-thumbnail","6":"product_cat-apartmani","7":"product_cat-apartmani-s-pogledom-na-more","8":"product_cat-obiteljski-apartmani","10":"first","11":"instock","12":"sold-individually","13":"shipping-taxable","14":"purchasable","15":"product-type-phive_booking"},"acf":[],"_links":{"self":[{"href":"https:\/\/murter-online.com\/hr\/wp-json\/wp\/v2\/product\/52032","targetHints":{"allow":["GET"]}}],"collection":[{"href":"https:\/\/murter-online.com\/hr\/wp-json\/wp\/v2\/product"}],"about":[{"href":"https:\/\/murter-online.com\/hr\/wp-json\/wp\/v2\/types\/product"}],"wp:featuredmedia":[{"embeddable":true,"href":"https:\/\/murter-online.com\/hr\/wp-json\/wp\/v2\/media\/23585"}],"wp:attachment":[{"href":"https:\/\/murter-online.com\/hr\/wp-json\/wp\/v2\/media?parent=52032"}],"wp:term":[{"taxonomy":"product_brand","embeddable":true,"href":"https:\/\/murter-online.com\/hr\/wp-json\/wp\/v2\/product_brand?post=52032"},{"taxonomy":"product_cat","embeddable":true,"href":"https:\/\/murter-online.com\/hr\/wp-json\/wp\/v2\/product_cat?post=52032"},{"taxonomy":"product_tag","embeddable":true,"href":"https:\/\/murter-online.com\/hr\/wp-json\/wp\/v2\/product_tag?post=52032"}],"curies":[{"name":"wp","href":"https:\/\/api.w.org\/{rel}","templated":true}]}}