{"id":52036,"date":"2025-01-03T16:06:44","date_gmt":"2025-01-03T16:06:44","guid":{"rendered":"https:\/\/murter.riot.hr\/?post_type=product&#038;p=52036"},"modified":"2025-04-13T13:12:23","modified_gmt":"2025-04-13T12:12:23","slug":"apartman-murter-budget-a21-id-214","status":"publish","type":"product","link":"https:\/\/murter-online.com\/hr\/proizvod\/apartman-murter-budget-a21-id-214\/","title":{"rendered":"Apartman za 2 osobe sa pogledom na more Budget Murter A2+1 ID 214"},"content":{"rendered":"","protected":false},"excerpt":{"rendered":"<p>Studio apartman u mjestu Murter! Apartman se nalazi izme\u0111u lokalne pla\u017ee Luke i pje\u0161\u010dane pla\u017ee Slanica, max.10 minuta pje\u0161ice do centra Murtera. Apartman ima krevet na kat, klimu, vlastitu kupaonicu i malu kuhinju. Parking je osiguran i besplatan.<\/p>\n","protected":false},"featured_media":23845,"template":"","meta":{"_acf_changed":false},"product_brand":[],"product_cat":[129,133,135,137],"product_tag":[],"class_list":{"0":"post-52036","1":"product","2":"type-product","3":"status-publish","4":"has-post-thumbnail","6":"product_cat-apartmani","7":"product_cat-apartmani-s-pogledom-na-more","8":"product_cat-obiteljski-apartmani","9":"product_cat-studio-apartmani","11":"first","12":"instock","13":"sold-individually","14":"shipping-taxable","15":"purchasable","16":"product-type-phive_booking"},"acf":[],"_links":{"self":[{"href":"https:\/\/murter-online.com\/hr\/wp-json\/wp\/v2\/product\/52036","targetHints":{"allow":["GET"]}}],"collection":[{"href":"https:\/\/murter-online.com\/hr\/wp-json\/wp\/v2\/product"}],"about":[{"href":"https:\/\/murter-online.com\/hr\/wp-json\/wp\/v2\/types\/product"}],"wp:featuredmedia":[{"embeddable":true,"href":"https:\/\/murter-online.com\/hr\/wp-json\/wp\/v2\/media\/23845"}],"wp:attachment":[{"href":"https:\/\/murter-online.com\/hr\/wp-json\/wp\/v2\/media?parent=52036"}],"wp:term":[{"taxonomy":"product_brand","embeddable":true,"href":"https:\/\/murter-online.com\/hr\/wp-json\/wp\/v2\/product_brand?post=52036"},{"taxonomy":"product_cat","embeddable":true,"href":"https:\/\/murter-online.com\/hr\/wp-json\/wp\/v2\/product_cat?post=52036"},{"taxonomy":"product_tag","embeddable":true,"href":"https:\/\/murter-online.com\/hr\/wp-json\/wp\/v2\/product_tag?post=52036"}],"curies":[{"name":"wp","href":"https:\/\/api.w.org\/{rel}","templated":true}]}}