{"id":52040,"date":"2025-01-03T16:18:45","date_gmt":"2025-01-03T16:18:45","guid":{"rendered":"https:\/\/murter.riot.hr\/?post_type=product&#038;p=52040"},"modified":"2025-05-01T12:58:56","modified_gmt":"2025-05-01T11:58:56","slug":"apartman-murter-budget-a21-id-225","status":"publish","type":"product","link":"https:\/\/murter-online.com\/hr\/proizvod\/apartman-murter-budget-a21-id-225\/","title":{"rendered":"Obiteljski apartman Budget Murter A2+1 ID 225"},"content":{"rendered":"","protected":false},"excerpt":{"rendered":"<div align=\"center\">\n<div class=\"max_width\" align=\"left\">\n<div>\n<div>Apartman se nalazi blizu pje\u0161\u010dane pla\u017ee Slanica i lokalne pla\u017ee Luke, ima jednu spava\u0107u sobu u kojoj mogu spavati dvije odrasle osobe , u dnevnom boravku ima jedan pomo\u0107ni le\u017eaj koji se mo\u017ee koristiti za spavanje. Kuhinja je potpuno opremljena , ispred apartmana u prizemlju nalazi se ogra\u0111ena terasa koja se mo\u017ee koristiti. Parking je besplatan i nalazi se ispred ku\u0107e.<\/div>\n<\/div>\n<\/div>\n<\/div>\n<div align=\"center\"><\/div>\n","protected":false},"featured_media":23945,"template":"","meta":{"_acf_changed":false},"product_brand":[],"product_cat":[129,135],"product_tag":[],"class_list":{"0":"post-52040","1":"product","2":"type-product","3":"status-publish","4":"has-post-thumbnail","6":"product_cat-apartmani","7":"product_cat-obiteljski-apartmani","9":"first","10":"instock","11":"sold-individually","12":"shipping-taxable","13":"purchasable","14":"product-type-phive_booking"},"acf":[],"_links":{"self":[{"href":"https:\/\/murter-online.com\/hr\/wp-json\/wp\/v2\/product\/52040","targetHints":{"allow":["GET"]}}],"collection":[{"href":"https:\/\/murter-online.com\/hr\/wp-json\/wp\/v2\/product"}],"about":[{"href":"https:\/\/murter-online.com\/hr\/wp-json\/wp\/v2\/types\/product"}],"wp:featuredmedia":[{"embeddable":true,"href":"https:\/\/murter-online.com\/hr\/wp-json\/wp\/v2\/media\/23945"}],"wp:attachment":[{"href":"https:\/\/murter-online.com\/hr\/wp-json\/wp\/v2\/media?parent=52040"}],"wp:term":[{"taxonomy":"product_brand","embeddable":true,"href":"https:\/\/murter-online.com\/hr\/wp-json\/wp\/v2\/product_brand?post=52040"},{"taxonomy":"product_cat","embeddable":true,"href":"https:\/\/murter-online.com\/hr\/wp-json\/wp\/v2\/product_cat?post=52040"},{"taxonomy":"product_tag","embeddable":true,"href":"https:\/\/murter-online.com\/hr\/wp-json\/wp\/v2\/product_tag?post=52040"}],"curies":[{"name":"wp","href":"https:\/\/api.w.org\/{rel}","templated":true}]}}