{"id":52049,"date":"2025-01-04T11:15:00","date_gmt":"2025-01-04T11:15:00","guid":{"rendered":"https:\/\/murter.riot.hr\/?post_type=product&#038;p=52049"},"modified":"2025-04-26T10:42:46","modified_gmt":"2025-04-26T09:42:46","slug":"apartman-murter-centar-a21-id-301","status":"publish","type":"product","link":"https:\/\/murter-online.com\/hr\/proizvod\/apartman-murter-centar-a21-id-301\/","title":{"rendered":"Apartman Murter Centar A2+1 ID 301"},"content":{"rendered":"","protected":false},"excerpt":{"rendered":"<p>Jednosoban apartman smje\u0161ten je blizu centra u Murteru. Apartman ima jednu spava\u0107u sobu u kojoj mogu spavati 2 odrasle osobe. Apartman ima veliki dnevni boravak u kojem se nalazi pomo\u0107ni le\u017eaj, na kau\u010du mo\u017ee spavati 1 odrasla osoba ili dvoje manje djece. Apartman je povr\u0161ine 70 metara kvadratnih. Apartman je potpuno opremljen. Apartman ima klimu, besplatan WiFi, mikrovalnu, toster, kuhalo sa vodu, aparat za kavu. Ispred ku\u0107e gosti mogu besplatno parkirati. Najbli\u017ea pla\u017ea je lokalna pla\u017ea Luke i lokalna pla\u017ee Zdra\u010de u Betini. Pla\u017ee su prikladne za djecu i starije osobe. Cijena navedena u cjeniku vrijedi za 2 osobe, svaka sljede\u0107a osoba koja \u0107e boraviti u apartmanu napla\u0107uje se dodatnih 10 eura po danu.<\/p>\n","protected":false},"featured_media":24049,"template":"","meta":{"_acf_changed":false},"product_brand":[],"product_cat":[129,135],"product_tag":[],"class_list":{"0":"post-52049","1":"product","2":"type-product","3":"status-publish","4":"has-post-thumbnail","6":"product_cat-apartmani","7":"product_cat-obiteljski-apartmani","9":"first","10":"instock","11":"sold-individually","12":"shipping-taxable","13":"purchasable","14":"product-type-phive_booking"},"acf":[],"_links":{"self":[{"href":"https:\/\/murter-online.com\/hr\/wp-json\/wp\/v2\/product\/52049","targetHints":{"allow":["GET"]}}],"collection":[{"href":"https:\/\/murter-online.com\/hr\/wp-json\/wp\/v2\/product"}],"about":[{"href":"https:\/\/murter-online.com\/hr\/wp-json\/wp\/v2\/types\/product"}],"wp:featuredmedia":[{"embeddable":true,"href":"https:\/\/murter-online.com\/hr\/wp-json\/wp\/v2\/media\/24049"}],"wp:attachment":[{"href":"https:\/\/murter-online.com\/hr\/wp-json\/wp\/v2\/media?parent=52049"}],"wp:term":[{"taxonomy":"product_brand","embeddable":true,"href":"https:\/\/murter-online.com\/hr\/wp-json\/wp\/v2\/product_brand?post=52049"},{"taxonomy":"product_cat","embeddable":true,"href":"https:\/\/murter-online.com\/hr\/wp-json\/wp\/v2\/product_cat?post=52049"},{"taxonomy":"product_tag","embeddable":true,"href":"https:\/\/murter-online.com\/hr\/wp-json\/wp\/v2\/product_tag?post=52049"}],"curies":[{"name":"wp","href":"https:\/\/api.w.org\/{rel}","templated":true}]}}