{"id":52054,"date":"2025-01-04T11:21:36","date_gmt":"2025-01-04T11:21:36","guid":{"rendered":"https:\/\/murter.riot.hr\/?post_type=product&#038;p=52054"},"modified":"2025-04-13T13:26:27","modified_gmt":"2025-04-13T12:26:27","slug":"apartman-murter-center-way-a21-id-64","status":"publish","type":"product","link":"https:\/\/murter-online.com\/hr\/proizvod\/apartman-murter-center-way-a21-id-64\/","title":{"rendered":"Apartman sa pogledom na more Center Way Murter A2+1 ID 64"},"content":{"rendered":"","protected":false},"excerpt":{"rendered":"<p>Apartman Sea Dream A2+1 ID 64 nalazi se u blizini centra Murtera. Apartman ima balkon s kojeg pogled se\u017ee do mora i okolnih oto\u010di\u0107a. Standardni sadr\u017eaji u apartmanu su kau\u010d \u200b\u200bna rasklapanje, TV sa satelitskim programima i potpuno opremljena kuhinja. Besplatni be\u017ei\u010dni pristup internetu dostupan je u svakom apartmanu. Ru\u010dnici, posteljina i zavr\u0161no \u010di\u0161\u0107enje uklju\u010deni su u cijenu.<\/p>\n","protected":false},"featured_media":24109,"template":"","meta":{"_acf_changed":false},"product_brand":[],"product_cat":[129,133,135],"product_tag":[],"class_list":{"0":"post-52054","1":"product","2":"type-product","3":"status-publish","4":"has-post-thumbnail","6":"product_cat-apartmani","7":"product_cat-apartmani-s-pogledom-na-more","8":"product_cat-obiteljski-apartmani","10":"first","11":"instock","12":"sold-individually","13":"shipping-taxable","14":"purchasable","15":"product-type-phive_booking"},"acf":[],"_links":{"self":[{"href":"https:\/\/murter-online.com\/hr\/wp-json\/wp\/v2\/product\/52054","targetHints":{"allow":["GET"]}}],"collection":[{"href":"https:\/\/murter-online.com\/hr\/wp-json\/wp\/v2\/product"}],"about":[{"href":"https:\/\/murter-online.com\/hr\/wp-json\/wp\/v2\/types\/product"}],"wp:featuredmedia":[{"embeddable":true,"href":"https:\/\/murter-online.com\/hr\/wp-json\/wp\/v2\/media\/24109"}],"wp:attachment":[{"href":"https:\/\/murter-online.com\/hr\/wp-json\/wp\/v2\/media?parent=52054"}],"wp:term":[{"taxonomy":"product_brand","embeddable":true,"href":"https:\/\/murter-online.com\/hr\/wp-json\/wp\/v2\/product_brand?post=52054"},{"taxonomy":"product_cat","embeddable":true,"href":"https:\/\/murter-online.com\/hr\/wp-json\/wp\/v2\/product_cat?post=52054"},{"taxonomy":"product_tag","embeddable":true,"href":"https:\/\/murter-online.com\/hr\/wp-json\/wp\/v2\/product_tag?post=52054"}],"curies":[{"name":"wp","href":"https:\/\/api.w.org\/{rel}","templated":true}]}}