{"id":52062,"date":"2025-01-05T10:45:19","date_gmt":"2025-01-05T10:45:19","guid":{"rendered":"https:\/\/murter.riot.hr\/?post_type=product&#038;p=52062"},"modified":"2025-04-26T11:09:23","modified_gmt":"2025-04-26T10:09:23","slug":"apartman-murter-garden-paradise-a22-id-133","status":"publish","type":"product","link":"https:\/\/murter-online.com\/hr\/proizvod\/apartman-murter-garden-paradise-a22-id-133\/","title":{"rendered":"Obiteljski Apartman Garden Paradise Murter A2+2 ID 133"},"content":{"rendered":"","protected":false},"excerpt":{"rendered":"<p>Apartman se nalazi u Murteru, smje\u0161ten je u prizemlju. Udaljen je 750 metara od pla\u017ee Slanica. Sastoji se od jedne spava\u0107e sobe, dnevnog boravka, kuhinje, kupaonice sa WC-om, te terase. Spava\u0107a soba ima bra\u010dni le\u017eaj, dok se u dnevnom boravku nalazi kau\u010d na razvla\u010denje. Parkirno mjesto je osigurano.<\/p>\n","protected":false},"featured_media":24457,"template":"","meta":{"_acf_changed":false},"product_brand":[],"product_cat":[129,135],"product_tag":[],"class_list":{"0":"post-52062","1":"product","2":"type-product","3":"status-publish","4":"has-post-thumbnail","6":"product_cat-apartmani","7":"product_cat-obiteljski-apartmani","9":"first","10":"instock","11":"sold-individually","12":"shipping-taxable","13":"purchasable","14":"product-type-phive_booking"},"acf":[],"_links":{"self":[{"href":"https:\/\/murter-online.com\/hr\/wp-json\/wp\/v2\/product\/52062","targetHints":{"allow":["GET"]}}],"collection":[{"href":"https:\/\/murter-online.com\/hr\/wp-json\/wp\/v2\/product"}],"about":[{"href":"https:\/\/murter-online.com\/hr\/wp-json\/wp\/v2\/types\/product"}],"wp:featuredmedia":[{"embeddable":true,"href":"https:\/\/murter-online.com\/hr\/wp-json\/wp\/v2\/media\/24457"}],"wp:attachment":[{"href":"https:\/\/murter-online.com\/hr\/wp-json\/wp\/v2\/media?parent=52062"}],"wp:term":[{"taxonomy":"product_brand","embeddable":true,"href":"https:\/\/murter-online.com\/hr\/wp-json\/wp\/v2\/product_brand?post=52062"},{"taxonomy":"product_cat","embeddable":true,"href":"https:\/\/murter-online.com\/hr\/wp-json\/wp\/v2\/product_cat?post=52062"},{"taxonomy":"product_tag","embeddable":true,"href":"https:\/\/murter-online.com\/hr\/wp-json\/wp\/v2\/product_tag?post=52062"}],"curies":[{"name":"wp","href":"https:\/\/api.w.org\/{rel}","templated":true}]}}