{"id":52067,"date":"2025-01-05T10:46:59","date_gmt":"2025-01-05T10:46:59","guid":{"rendered":"https:\/\/murter.riot.hr\/?post_type=product&#038;p=52067"},"modified":"2025-04-26T11:15:07","modified_gmt":"2025-04-26T10:15:07","slug":"apartman-murter-harbor-2-a21-id-69","status":"publish","type":"product","link":"https:\/\/murter-online.com\/hr\/proizvod\/apartman-murter-harbor-2-a21-id-69\/","title":{"rendered":"Obiteljski apartman Harbor 2  Murter A2+1 ID 69"},"content":{"rendered":"","protected":false},"excerpt":{"rendered":"<p>Apartman se nalazi na izvrsnoj lokaciji samo 300 metara udaljen od pla\u017ee. Apartman ima povr\u0161inu od 30 m2. Ima jednu spava\u0107u sobu u kojoj mogu spavati 2 odrasle osobe. Ima dnevni boravak, koji se mo\u017ee koristiti za spavanje &#8211; Ima pomo\u0107ni le\u017eaj za jednu osobu. Ima kupaonicu sa tu\u0161-kadom. Povr\u0161ina Balkon\/terase je 10 m2. Apartman se nalazi na prvom katu ku\u0107e. Apartman je opremljen sa tv-om, klimom. Postoji vanjski ro\u0161tilj koji se mo\u017ee koristiti. Apartman je oko 200 m. udaljen od centra mjesta a 300 m. od mora ili prve pla\u017ee u mjestu Murter. Ku\u0107ni ljubimci nisu dozvoljeni. Apartman se nalazi na odli\u010dnoj lokaciji samo 2 minute hoda od centra mjesta. Trgovina je udaljena samo 3 minute hoda. Gradska pla\u017ea u susjednom mjestu Betina udaljena je svega 5 minuta hoda. Druga gradska pla\u017ea &#8220;Luke&#8221; udaljena je samo 7 minuta hoda.Tro\u0161ak parkirne karte i \u010di\u0161\u0107enja apartmana napla\u0107uje se dodatnih 50 eura.<\/p>\n","protected":false},"featured_media":24801,"template":"","meta":{"_acf_changed":false},"product_brand":[],"product_cat":[129,135],"product_tag":[],"class_list":{"0":"post-52067","1":"product","2":"type-product","3":"status-publish","4":"has-post-thumbnail","6":"product_cat-apartmani","7":"product_cat-obiteljski-apartmani","9":"first","10":"instock","11":"sold-individually","12":"shipping-taxable","13":"purchasable","14":"product-type-phive_booking"},"acf":[],"_links":{"self":[{"href":"https:\/\/murter-online.com\/hr\/wp-json\/wp\/v2\/product\/52067","targetHints":{"allow":["GET"]}}],"collection":[{"href":"https:\/\/murter-online.com\/hr\/wp-json\/wp\/v2\/product"}],"about":[{"href":"https:\/\/murter-online.com\/hr\/wp-json\/wp\/v2\/types\/product"}],"wp:featuredmedia":[{"embeddable":true,"href":"https:\/\/murter-online.com\/hr\/wp-json\/wp\/v2\/media\/24801"}],"wp:attachment":[{"href":"https:\/\/murter-online.com\/hr\/wp-json\/wp\/v2\/media?parent=52067"}],"wp:term":[{"taxonomy":"product_brand","embeddable":true,"href":"https:\/\/murter-online.com\/hr\/wp-json\/wp\/v2\/product_brand?post=52067"},{"taxonomy":"product_cat","embeddable":true,"href":"https:\/\/murter-online.com\/hr\/wp-json\/wp\/v2\/product_cat?post=52067"},{"taxonomy":"product_tag","embeddable":true,"href":"https:\/\/murter-online.com\/hr\/wp-json\/wp\/v2\/product_tag?post=52067"}],"curies":[{"name":"wp","href":"https:\/\/api.w.org\/{rel}","templated":true}]}}