{"id":52077,"date":"2025-01-05T18:54:17","date_gmt":"2025-01-05T18:54:17","guid":{"rendered":"https:\/\/murter.riot.hr\/?post_type=product&#038;p=52077"},"modified":"2025-01-25T10:31:10","modified_gmt":"2025-01-25T10:31:10","slug":"vila-sa-bazenom-murter-a142-id-15","status":"publish","type":"product","link":"https:\/\/murter-online.com\/hr\/proizvod\/vila-sa-bazenom-murter-a142-id-15\/","title":{"rendered":"Vila sa bazenom Murter A14+2 ID 15"},"content":{"rendered":"","protected":false},"excerpt":{"rendered":"<p>Povr\u0161ina ku\u0107e iznosi 240 m2. Povr\u0161ina zemlji\u0161ta iznosi 1200 m2. Vila mo\u017ee ugostiti maksimalno 16 gostiju. Unutar ogra\u0111enog dvori\u0161ta nalaui se privatni bazen od 110 m2. Na raspolaganju gostima je :hidro masa\u017ea, le\u017ealjke za sun\u010danje: 14, vrt, panoramski pogled, prirodan hlad, privatno parkirali\u0161te &#8211; ogra\u0111eno u hladovini, grijani bazen na zahtjev uz dodatne tro\u0161kove, 5 parkirnih mjesta. VANJSKE AKTIVNOSTI Stolni tenis, ljulja\u010dke za djecu. Ku\u0107ni ljubimci su dozvoljeni u nadoplatu od 105 eura \/tjedno \u010di\u0161\u0107enje. U vili postoji podno grijanje i grijanje klima ure\u0111ajima. Posteljina je na raspolaganju i mijenja se jednom tjedno. Dje\u010dji kreveti\u0107 dostupan na upit. Dostupan je vanjski wc, vanjski tu\u0161, su\u0161ilo za kosu. Ru\u010dnici u kupaonici su na raspolaganju i mijenjaju se jednom tjedno. U vili je dostupan WiFi internet. Kuhinja je potpuno opremljena: toster, aparat za kavu, mikrovalna pe\u0107nica, hladnjak sa zamrziva\u010dem, perilica su\u0111a, ro\u0161tilj &#8211; ugljen, unutarnja blagovaonica za: 8, visoka stolica za hranjenje: 1, vanjska blagovaonica za: 14 DNEVNI BORAVAK opremljen je sa: SAT TV, TV, DVD player, stereo-ure\u0111aj, sofa PRAONICA RUBLJA Jedan apartman opremljen je perilicom za rublje. Zavr\u0161no \u010di\u0161\u0107enje iznosi 150,00 eura i nije uklju\u010deno u cijenu no\u0107enja. Depozit u slu\u010daju \u0161tete je 500,00 eura.<\/p>\n","protected":false},"featured_media":28937,"template":"","meta":{"_acf_changed":false},"product_brand":[],"product_cat":[139],"product_tag":[],"class_list":{"0":"post-52077","1":"product","2":"type-product","3":"status-publish","4":"has-post-thumbnail","6":"product_cat-kuce-za-odmor","8":"first","9":"instock","10":"sold-individually","11":"shipping-taxable","12":"purchasable","13":"product-type-phive_booking"},"acf":[],"_links":{"self":[{"href":"https:\/\/murter-online.com\/hr\/wp-json\/wp\/v2\/product\/52077","targetHints":{"allow":["GET"]}}],"collection":[{"href":"https:\/\/murter-online.com\/hr\/wp-json\/wp\/v2\/product"}],"about":[{"href":"https:\/\/murter-online.com\/hr\/wp-json\/wp\/v2\/types\/product"}],"wp:featuredmedia":[{"embeddable":true,"href":"https:\/\/murter-online.com\/hr\/wp-json\/wp\/v2\/media\/28937"}],"wp:attachment":[{"href":"https:\/\/murter-online.com\/hr\/wp-json\/wp\/v2\/media?parent=52077"}],"wp:term":[{"taxonomy":"product_brand","embeddable":true,"href":"https:\/\/murter-online.com\/hr\/wp-json\/wp\/v2\/product_brand?post=52077"},{"taxonomy":"product_cat","embeddable":true,"href":"https:\/\/murter-online.com\/hr\/wp-json\/wp\/v2\/product_cat?post=52077"},{"taxonomy":"product_tag","embeddable":true,"href":"https:\/\/murter-online.com\/hr\/wp-json\/wp\/v2\/product_tag?post=52077"}],"curies":[{"name":"wp","href":"https:\/\/api.w.org\/{rel}","templated":true}]}}