{"id":52078,"date":"2025-01-05T18:30:34","date_gmt":"2025-01-05T18:30:34","guid":{"rendered":"https:\/\/murter.riot.hr\/?post_type=product&#038;p=52078"},"modified":"2025-09-04T12:53:31","modified_gmt":"2025-09-04T11:53:31","slug":"kamena-kuca-uz-more-betina-a6-id-229","status":"publish","type":"product","link":"https:\/\/murter-online.com\/hr\/proizvod\/kamena-kuca-uz-more-betina-a6-id-229\/","title":{"rendered":"Kamena ku\u0107a za odmor uz more Betina &#8211; otok Murter A6 ID 229"},"content":{"rendered":"","protected":false},"excerpt":{"rendered":"<p>Ova prekrasna tradicionalna dalmatinska kamena ku\u0107a smje\u0161tena je u starom dijelu mjesta Betina na otoku Murteru. Ku\u0107a se sastoji od kuhinje, velikog dnevnog boravka i jedne kupaone u prizemlju, druga kupaona sa tri spava\u0107e sobe nalazi se na prvom katu. Velika terasa sa vrtnom garniturom nalazi se na prvom katu. Kuhinja je potpuno opremljena. Parking je udaljen oko 150 metara od ku\u0107e i uklju\u010den u cijenu apartmana. \u010ci\u0161\u0107enje apartmana napla\u0107uje se dodatno 100 eura (jednokratno).<\/p>\n","protected":false},"featured_media":28869,"template":"","meta":{"_acf_changed":false},"product_brand":[],"product_cat":[139],"product_tag":[],"class_list":{"0":"post-52078","1":"product","2":"type-product","3":"status-publish","4":"has-post-thumbnail","6":"product_cat-kuce-za-odmor","8":"first","9":"instock","10":"sold-individually","11":"shipping-taxable","12":"purchasable","13":"product-type-phive_booking"},"acf":[],"_links":{"self":[{"href":"https:\/\/murter-online.com\/hr\/wp-json\/wp\/v2\/product\/52078","targetHints":{"allow":["GET"]}}],"collection":[{"href":"https:\/\/murter-online.com\/hr\/wp-json\/wp\/v2\/product"}],"about":[{"href":"https:\/\/murter-online.com\/hr\/wp-json\/wp\/v2\/types\/product"}],"wp:featuredmedia":[{"embeddable":true,"href":"https:\/\/murter-online.com\/hr\/wp-json\/wp\/v2\/media\/28869"}],"wp:attachment":[{"href":"https:\/\/murter-online.com\/hr\/wp-json\/wp\/v2\/media?parent=52078"}],"wp:term":[{"taxonomy":"product_brand","embeddable":true,"href":"https:\/\/murter-online.com\/hr\/wp-json\/wp\/v2\/product_brand?post=52078"},{"taxonomy":"product_cat","embeddable":true,"href":"https:\/\/murter-online.com\/hr\/wp-json\/wp\/v2\/product_cat?post=52078"},{"taxonomy":"product_tag","embeddable":true,"href":"https:\/\/murter-online.com\/hr\/wp-json\/wp\/v2\/product_tag?post=52078"}],"curies":[{"name":"wp","href":"https:\/\/api.w.org\/{rel}","templated":true}]}}