{"id":52079,"date":"2025-01-05T18:25:54","date_gmt":"2025-01-05T18:25:54","guid":{"rendered":"https:\/\/murter.riot.hr\/?post_type=product&#038;p=52079"},"modified":"2025-03-29T19:11:19","modified_gmt":"2025-03-29T18:11:19","slug":"kuca-za-odmor-murter-slanica-a61","status":"publish","type":"product","link":"https:\/\/murter-online.com\/hr\/proizvod\/kuca-za-odmor-murter-slanica-a61\/","title":{"rendered":"Ku\u0107a za odmor Murter blizu pla\u017ee Slanica A6+1"},"content":{"rendered":"","protected":false},"excerpt":{"rendered":"<p>Prekrasna obiteljska ku\u0107a za odmor na odli\u010dnoj poziciji u Murteru. Ku\u0107a se nalazi izme\u0111u dvije pla\u017ee, pje\u0161\u010dane pla\u017ee Slanica i lokalne pla\u017ee Luke. Ku\u0107a ima 3 spava\u0107e sobe u kojima mo\u017ee spavati 6 odraslih osoba. Ku\u0107a ima kupaonu sa wc-om i tu\u0161 kadom. U kupaoni se nalazi perilica za pranje rublja. U ku\u0107i se nalazi veliki dnevni boravak sa Tv-prijemnikom. Kau\u010d se mo\u017ee koristiti kao pomo\u0107ni le\u017eaj. U kuhinji se nalazi veliki fri\u017eider, pe\u0107nica i perilica za pranje su\u0111a. U ku\u0107i postoji besplatan WiFi. Ispred ku\u0107e nalazi se vanjski prostor sa vrtom jako ugodan za boravak ljeti. Postoji ro\u0161tilj koji se mo\u017ee besplatno koristiti. besplatan parking za goste nalazi se u dvori\u0161tu ku\u0107e.<\/p>\n","protected":false},"featured_media":28761,"template":"","meta":{"_acf_changed":false},"product_brand":[],"product_cat":[139],"product_tag":[],"class_list":{"0":"post-52079","1":"product","2":"type-product","3":"status-publish","4":"has-post-thumbnail","6":"product_cat-kuce-za-odmor","8":"first","9":"instock","10":"sold-individually","11":"shipping-taxable","12":"purchasable","13":"product-type-phive_booking"},"acf":[],"_links":{"self":[{"href":"https:\/\/murter-online.com\/hr\/wp-json\/wp\/v2\/product\/52079","targetHints":{"allow":["GET"]}}],"collection":[{"href":"https:\/\/murter-online.com\/hr\/wp-json\/wp\/v2\/product"}],"about":[{"href":"https:\/\/murter-online.com\/hr\/wp-json\/wp\/v2\/types\/product"}],"wp:featuredmedia":[{"embeddable":true,"href":"https:\/\/murter-online.com\/hr\/wp-json\/wp\/v2\/media\/28761"}],"wp:attachment":[{"href":"https:\/\/murter-online.com\/hr\/wp-json\/wp\/v2\/media?parent=52079"}],"wp:term":[{"taxonomy":"product_brand","embeddable":true,"href":"https:\/\/murter-online.com\/hr\/wp-json\/wp\/v2\/product_brand?post=52079"},{"taxonomy":"product_cat","embeddable":true,"href":"https:\/\/murter-online.com\/hr\/wp-json\/wp\/v2\/product_cat?post=52079"},{"taxonomy":"product_tag","embeddable":true,"href":"https:\/\/murter-online.com\/hr\/wp-json\/wp\/v2\/product_tag?post=52079"}],"curies":[{"name":"wp","href":"https:\/\/api.w.org\/{rel}","templated":true}]}}