{"id":52080,"date":"2025-01-05T18:21:14","date_gmt":"2025-01-05T18:21:14","guid":{"rendered":"https:\/\/murter.riot.hr\/?post_type=product&#038;p=52080"},"modified":"2025-04-12T20:02:56","modified_gmt":"2025-04-12T19:02:56","slug":"kuca-za-odmor-murter-old-village-a84-id-206","status":"publish","type":"product","link":"https:\/\/murter-online.com\/hr\/proizvod\/kuca-za-odmor-murter-old-village-a84-id-206\/","title":{"rendered":"Kamena ku\u0107a za odmor Murter A8 id 206"},"content":{"rendered":"","protected":false},"excerpt":{"rendered":"<p>Ku\u0107a za odmor u Murteru, kapaciteta 10-12 osoba. Ku\u0107a je smje\u0161tena u starom dijelu Murtera u blizini pla\u017ee \u010cigra\u0111a. Ku\u0107a ima jedan jednosobni, jedan dvosobni i dva studio apartmana. Postoji vrt i vanjski ro\u0161tilj koji se mo\u017ee koristiti. Ispred ku\u0107e nalazi se jedno parkirno mjesto za automobil a ispod ku\u0107e jo\u0161 dva parkirna mjesta. Ku\u0107a se sastoji od prizemlja te prvog i drugog kata.<\/p>\n","protected":false},"featured_media":28629,"template":"","meta":{"_acf_changed":false},"product_brand":[],"product_cat":[139],"product_tag":[],"class_list":{"0":"post-52080","1":"product","2":"type-product","3":"status-publish","4":"has-post-thumbnail","6":"product_cat-kuce-za-odmor","8":"first","9":"instock","10":"sold-individually","11":"shipping-taxable","12":"purchasable","13":"product-type-phive_booking"},"acf":[],"_links":{"self":[{"href":"https:\/\/murter-online.com\/hr\/wp-json\/wp\/v2\/product\/52080","targetHints":{"allow":["GET"]}}],"collection":[{"href":"https:\/\/murter-online.com\/hr\/wp-json\/wp\/v2\/product"}],"about":[{"href":"https:\/\/murter-online.com\/hr\/wp-json\/wp\/v2\/types\/product"}],"wp:featuredmedia":[{"embeddable":true,"href":"https:\/\/murter-online.com\/hr\/wp-json\/wp\/v2\/media\/28629"}],"wp:attachment":[{"href":"https:\/\/murter-online.com\/hr\/wp-json\/wp\/v2\/media?parent=52080"}],"wp:term":[{"taxonomy":"product_brand","embeddable":true,"href":"https:\/\/murter-online.com\/hr\/wp-json\/wp\/v2\/product_brand?post=52080"},{"taxonomy":"product_cat","embeddable":true,"href":"https:\/\/murter-online.com\/hr\/wp-json\/wp\/v2\/product_cat?post=52080"},{"taxonomy":"product_tag","embeddable":true,"href":"https:\/\/murter-online.com\/hr\/wp-json\/wp\/v2\/product_tag?post=52080"}],"curies":[{"name":"wp","href":"https:\/\/api.w.org\/{rel}","templated":true}]}}