{"id":52081,"date":"2025-01-05T17:53:00","date_gmt":"2025-01-05T17:53:00","guid":{"rendered":"https:\/\/murter.riot.hr\/?post_type=product&#038;p=52081"},"modified":"2025-09-30T16:31:49","modified_gmt":"2025-09-30T15:31:49","slug":"kuca-za-odmor-murter-a61-id-314","status":"publish","type":"product","link":"https:\/\/murter-online.com\/hr\/proizvod\/kuca-za-odmor-murter-a61-id-314\/","title":{"rendered":"Ku\u0107a za odmor Murter A6+1 ID 314"},"content":{"rendered":"","protected":false},"excerpt":{"rendered":"<p>Prekrasna obiteljska prizemnica sa galerijom smje\u0161tena je na odli\u010dnoj lokaciji, blizu gradske pla\u017ee Luke i pje\u0161\u010dane pla\u017ee Podvr\u0161ke. Od prvog du\u0107ana, dje\u010djeg parka i kafi\u0107a udaljena je samo 150 metara. Ku\u0107a ima 3 spava\u0107e sobe u kojima mo\u017ee spavati 6 odraslih osoba, u dnevnom boravku se nalazi kau\u010d koji mo\u017ee poslu\u017eiti kao pomo\u0107ni le\u017eaj. U prizemlju ku\u0107e nalazi se kuhinja i blagavaonica, dnevni boravak sa televizijom i dvije spava\u0107e sobe sa kupanom. Do galerije se dolazi stepenicama. Na galeriji je smje\u0161tena tre\u0107a spava\u0107a soba sa kupaonom. Ispred ku\u0107e nalazi se terasa. Apartman ima pe\u0107nicu, hladnjak, kuhalo za vodu i besplatan WiFi. Kuhinja je potpuno opremljena. Za goste apartmana u dvori\u0161tu postoji besplatan parking. U dvori\u0161tu postoji ro\u0161tilj koji se mo\u017ee besplatno koristiti.Tro\u0161ak \u010di\u0161\u0107enja je 100 eura.<\/p>\n","protected":false},"featured_media":28421,"template":"","meta":{"_acf_changed":false},"product_brand":[],"product_cat":[139],"product_tag":[],"class_list":{"0":"post-52081","1":"product","2":"type-product","3":"status-publish","4":"has-post-thumbnail","6":"product_cat-kuce-za-odmor","8":"first","9":"instock","10":"sold-individually","11":"shipping-taxable","12":"purchasable","13":"product-type-phive_booking"},"acf":[],"_links":{"self":[{"href":"https:\/\/murter-online.com\/hr\/wp-json\/wp\/v2\/product\/52081","targetHints":{"allow":["GET"]}}],"collection":[{"href":"https:\/\/murter-online.com\/hr\/wp-json\/wp\/v2\/product"}],"about":[{"href":"https:\/\/murter-online.com\/hr\/wp-json\/wp\/v2\/types\/product"}],"wp:featuredmedia":[{"embeddable":true,"href":"https:\/\/murter-online.com\/hr\/wp-json\/wp\/v2\/media\/28421"}],"wp:attachment":[{"href":"https:\/\/murter-online.com\/hr\/wp-json\/wp\/v2\/media?parent=52081"}],"wp:term":[{"taxonomy":"product_brand","embeddable":true,"href":"https:\/\/murter-online.com\/hr\/wp-json\/wp\/v2\/product_brand?post=52081"},{"taxonomy":"product_cat","embeddable":true,"href":"https:\/\/murter-online.com\/hr\/wp-json\/wp\/v2\/product_cat?post=52081"},{"taxonomy":"product_tag","embeddable":true,"href":"https:\/\/murter-online.com\/hr\/wp-json\/wp\/v2\/product_tag?post=52081"}],"curies":[{"name":"wp","href":"https:\/\/api.w.org\/{rel}","templated":true}]}}