{"id":52082,"date":"2025-01-05T17:43:53","date_gmt":"2025-01-05T17:43:53","guid":{"rendered":"https:\/\/murter.riot.hr\/?post_type=product&#038;p=52082"},"modified":"2025-03-29T18:49:50","modified_gmt":"2025-03-29T17:49:50","slug":"kuca-za-odmor-u-murteru-a42-id-281","status":"publish","type":"product","link":"https:\/\/murter-online.com\/hr\/proizvod\/kuca-za-odmor-u-murteru-a42-id-281\/","title":{"rendered":"Kamena ku\u0107a za odmor Murteru A4+2 ID 281"},"content":{"rendered":"","protected":false},"excerpt":{"rendered":"<p>Ku\u0107a za odmor za 4+2 osobe smje\u0161tena je u starom dijelu Murtera. Ku\u0107a se sastoji od prizemlja, prvog, drugog i tre\u0107eg kata. Na prvom i drugom katu ku\u0107e nalaze se spava\u0107e sobe. U prizemlju ku\u0107e nalazi se pomo\u0107ni le\u017eaj (kau\u010d) koji se mo\u017ee koristiti za spavanje. Ku\u0107a ima tri terase, jedna terasa nalazi se u prizemlju, druga terasa nalazi se na prvom katu a tre\u0107a sa prekrasnim panoramskim pogledom na more na tre\u0107em katu ku\u0107e. Kupaonica i wc nalaze se u prizemlju ku\u0107e. Ku\u0107a je opremljena perilicom rublja, perilicom za su\u0111e, WiFi-internetom, klimom. Kuhinja je potpunom opremljena. Parking za 2 automobila besplatan je za goste i udaljen oko 100 metara od ku\u0107e.<\/p>\n","protected":false},"featured_media":28025,"template":"","meta":{"_acf_changed":false},"product_brand":[],"product_cat":[139],"product_tag":[],"class_list":{"0":"post-52082","1":"product","2":"type-product","3":"status-publish","4":"has-post-thumbnail","6":"product_cat-kuce-za-odmor","8":"first","9":"instock","10":"sold-individually","11":"shipping-taxable","12":"purchasable","13":"product-type-phive_booking"},"acf":[],"_links":{"self":[{"href":"https:\/\/murter-online.com\/hr\/wp-json\/wp\/v2\/product\/52082","targetHints":{"allow":["GET"]}}],"collection":[{"href":"https:\/\/murter-online.com\/hr\/wp-json\/wp\/v2\/product"}],"about":[{"href":"https:\/\/murter-online.com\/hr\/wp-json\/wp\/v2\/types\/product"}],"wp:featuredmedia":[{"embeddable":true,"href":"https:\/\/murter-online.com\/hr\/wp-json\/wp\/v2\/media\/28025"}],"wp:attachment":[{"href":"https:\/\/murter-online.com\/hr\/wp-json\/wp\/v2\/media?parent=52082"}],"wp:term":[{"taxonomy":"product_brand","embeddable":true,"href":"https:\/\/murter-online.com\/hr\/wp-json\/wp\/v2\/product_brand?post=52082"},{"taxonomy":"product_cat","embeddable":true,"href":"https:\/\/murter-online.com\/hr\/wp-json\/wp\/v2\/product_cat?post=52082"},{"taxonomy":"product_tag","embeddable":true,"href":"https:\/\/murter-online.com\/hr\/wp-json\/wp\/v2\/product_tag?post=52082"}],"curies":[{"name":"wp","href":"https:\/\/api.w.org\/{rel}","templated":true}]}}