{"id":52083,"date":"2025-01-05T17:28:58","date_gmt":"2025-01-05T17:28:58","guid":{"rendered":"https:\/\/murter.riot.hr\/?post_type=product&#038;p=52083"},"modified":"2025-03-29T18:07:10","modified_gmt":"2025-03-29T17:07:10","slug":"ribarska-kuca-kornati-vrulje-a-62-id-322","status":"publish","type":"product","link":"https:\/\/murter-online.com\/hr\/proizvod\/ribarska-kuca-kornati-vrulje-a-62-id-322\/","title":{"rendered":"Ribarska ku\u0107a Kornati uvala Vrulje A 6+2 ID 322"},"content":{"rendered":"","protected":false},"excerpt":{"rendered":"<p>Ku\u0107a se nalazi u uvali Vrulje koja se nalazi u srcu Nacionalnog Parka Kornati . Idealna je lokacija za provesti godi\u0161nji odmor te jedinstvena prilika za relaksaciju i otkrivanje uvala, divljih pla\u017ea u netaknutoj prirodi. Ku\u0107a je udaljena 20 metra od mora , ima 2 sobe, odnosno jednu sobu sa bra\u010dnim krevetom te visoko potkrovlje u kojem se nalaze 2 bra\u010dna kreveta te dva manja kreveta svaki za jednu osobu. Ku\u0107a pru\u017ea mogu\u0107nost smje\u0161taja za 5 do 8 osoba. U prizemlju se nalazi velika natkrivena terasa. Kuhinja je potpuno opremljena, na istom katu nalazi se kupaona i dnevni boravak sa TV-om. Ako gosti dolaze vlastitim brodom osiguran je vez za brod. Ako gosti ne koriste brod na lokaciju \u0107e do\u0107i organiziranim transferom iz Murtera.<\/p>\n","protected":false},"featured_media":27881,"template":"","meta":{"_acf_changed":false},"product_brand":[],"product_cat":[140],"product_tag":[],"class_list":{"0":"post-52083","1":"product","2":"type-product","3":"status-publish","4":"has-post-thumbnail","6":"product_cat-ribarske-kuce","8":"first","9":"instock","10":"sold-individually","11":"shipping-taxable","12":"purchasable","13":"product-type-phive_booking"},"acf":[],"_links":{"self":[{"href":"https:\/\/murter-online.com\/hr\/wp-json\/wp\/v2\/product\/52083","targetHints":{"allow":["GET"]}}],"collection":[{"href":"https:\/\/murter-online.com\/hr\/wp-json\/wp\/v2\/product"}],"about":[{"href":"https:\/\/murter-online.com\/hr\/wp-json\/wp\/v2\/types\/product"}],"wp:featuredmedia":[{"embeddable":true,"href":"https:\/\/murter-online.com\/hr\/wp-json\/wp\/v2\/media\/27881"}],"wp:attachment":[{"href":"https:\/\/murter-online.com\/hr\/wp-json\/wp\/v2\/media?parent=52083"}],"wp:term":[{"taxonomy":"product_brand","embeddable":true,"href":"https:\/\/murter-online.com\/hr\/wp-json\/wp\/v2\/product_brand?post=52083"},{"taxonomy":"product_cat","embeddable":true,"href":"https:\/\/murter-online.com\/hr\/wp-json\/wp\/v2\/product_cat?post=52083"},{"taxonomy":"product_tag","embeddable":true,"href":"https:\/\/murter-online.com\/hr\/wp-json\/wp\/v2\/product_tag?post=52083"}],"curies":[{"name":"wp","href":"https:\/\/api.w.org\/{rel}","templated":true}]}}