{"id":52084,"date":"2025-01-05T17:21:10","date_gmt":"2025-01-05T17:21:10","guid":{"rendered":"https:\/\/murter.riot.hr\/?post_type=product&#038;p=52084"},"modified":"2025-03-29T14:51:45","modified_gmt":"2025-03-29T13:51:45","slug":"dalmatinska-kamena-vila-u-betini-otok-murter-a12-id-268","status":"publish","type":"product","link":"https:\/\/murter-online.com\/hr\/proizvod\/dalmatinska-kamena-vila-u-betini-otok-murter-a12-id-268\/","title":{"rendered":"Dalmatinska kamena vila u Betini &#8211; otok Murter A12 ID 268"},"content":{"rendered":"","protected":false},"excerpt":{"rendered":"<p>Renovirana autohtona kamena ku\u0107a smje\u0161tajnog kapaciteta do 12 ljudi koncipirana je kao vila sa dvije zasebne jedinice sa zajedni\u010dkim dvori\u0161tem, dok svaka jedinica ima vlastiti ulaz \u0161to je \u010dini idealnom za mnogo\u010dlane obitelji ili dru\u0161tvo od vi\u0161e parova. Svaka jedinica ima vlastitu kuhinju, kupaonu i WC i spava\u0107e sobe te u svakoj mo\u017eete imati vlastiti mir ili kutak za sebe, a opet istovremeno u\u017eivati u zajedni\u010dkom odmoru sa obitelji ili prijateljima. Vila se nalazi se u Betini, 400 metara od pla\u017ee Bilave i 800 metara od pla\u017ee Zdra\u010de, a nudi klimatizirani smje\u0161taj s balkonom i besplatnim WiFi-jem. Ovaj smje\u0161taj s pogledom na more nudi poplo\u010dani dio dvori\u0161ta. Vila ima 4 spava\u0107e sobe, 3 kupaonice, posteljinu, ru\u010dnike, TV ravnog ekrana, blagovaonicu, potpuno opremljenu kuhinju i terasu s pogledom na grad. Pla\u017ea Kolentum udaljena je 2 km od vile, a Gradska vije\u0107nica u \u0160ibeniku 32 km. Najbli\u017ea zra\u010dna luka je Zra\u010dna luka Zadar, 73 km od ove vile.<\/p>\n","protected":false},"featured_media":27633,"template":"","meta":{"_acf_changed":false},"product_brand":[],"product_cat":[139],"product_tag":[],"class_list":{"0":"post-52084","1":"product","2":"type-product","3":"status-publish","4":"has-post-thumbnail","6":"product_cat-kuce-za-odmor","8":"first","9":"instock","10":"sold-individually","11":"shipping-taxable","12":"purchasable","13":"product-type-phive_booking"},"acf":[],"_links":{"self":[{"href":"https:\/\/murter-online.com\/hr\/wp-json\/wp\/v2\/product\/52084","targetHints":{"allow":["GET"]}}],"collection":[{"href":"https:\/\/murter-online.com\/hr\/wp-json\/wp\/v2\/product"}],"about":[{"href":"https:\/\/murter-online.com\/hr\/wp-json\/wp\/v2\/types\/product"}],"wp:featuredmedia":[{"embeddable":true,"href":"https:\/\/murter-online.com\/hr\/wp-json\/wp\/v2\/media\/27633"}],"wp:attachment":[{"href":"https:\/\/murter-online.com\/hr\/wp-json\/wp\/v2\/media?parent=52084"}],"wp:term":[{"taxonomy":"product_brand","embeddable":true,"href":"https:\/\/murter-online.com\/hr\/wp-json\/wp\/v2\/product_brand?post=52084"},{"taxonomy":"product_cat","embeddable":true,"href":"https:\/\/murter-online.com\/hr\/wp-json\/wp\/v2\/product_cat?post=52084"},{"taxonomy":"product_tag","embeddable":true,"href":"https:\/\/murter-online.com\/hr\/wp-json\/wp\/v2\/product_tag?post=52084"}],"curies":[{"name":"wp","href":"https:\/\/api.w.org\/{rel}","templated":true}]}}