{"id":52086,"date":"2025-01-05T14:55:29","date_gmt":"2025-01-05T14:55:29","guid":{"rendered":"https:\/\/murter.riot.hr\/?post_type=product&#038;p=52086"},"modified":"2025-03-29T14:33:00","modified_gmt":"2025-03-29T13:33:00","slug":"dalmatinska-kamena-kuca-sa-bazenom-u-jezerima-otok-murter-a8-id-225","status":"publish","type":"product","link":"https:\/\/murter-online.com\/hr\/proizvod\/dalmatinska-kamena-kuca-sa-bazenom-u-jezerima-otok-murter-a8-id-225\/","title":{"rendered":"Kamena ku\u0107a za odmor sa vanjskim bazenom u Jezerima &#8211; otok Murter A8 ID 225"},"content":{"rendered":"","protected":false},"excerpt":{"rendered":"<p>Autenti\u010dna dalmatinska kamena ku\u0107a sa bazenom i prekrasnim dvori\u0161tem na tihoj i mirnoj lokaciji. Ku\u0107a je smje\u0161tena u mjestu Jezera na otoku Murteru. Ku\u0107a ima 4 spava\u0107e sobe u kojima mo\u017ee spavati 8 odraslih osoba. Na raspolaganju gostima su 4 kupaonice, veliko dvori\u0161te u prirodnom hladu, bazen i prostor oko bazena sa garniturom, ro\u0161tilj te besplatan parking. Ku\u0107a ima perilicu za rublje te perilicu za posu\u0111e, kuhinja je potpuno opremljena.<\/p>\n","protected":false},"featured_media":27297,"template":"","meta":{"_acf_changed":false},"product_brand":[],"product_cat":[139],"product_tag":[],"class_list":{"0":"post-52086","1":"product","2":"type-product","3":"status-publish","4":"has-post-thumbnail","6":"product_cat-kuce-za-odmor","8":"first","9":"instock","10":"sold-individually","11":"shipping-taxable","12":"purchasable","13":"product-type-phive_booking"},"acf":[],"_links":{"self":[{"href":"https:\/\/murter-online.com\/hr\/wp-json\/wp\/v2\/product\/52086","targetHints":{"allow":["GET"]}}],"collection":[{"href":"https:\/\/murter-online.com\/hr\/wp-json\/wp\/v2\/product"}],"about":[{"href":"https:\/\/murter-online.com\/hr\/wp-json\/wp\/v2\/types\/product"}],"wp:featuredmedia":[{"embeddable":true,"href":"https:\/\/murter-online.com\/hr\/wp-json\/wp\/v2\/media\/27297"}],"wp:attachment":[{"href":"https:\/\/murter-online.com\/hr\/wp-json\/wp\/v2\/media?parent=52086"}],"wp:term":[{"taxonomy":"product_brand","embeddable":true,"href":"https:\/\/murter-online.com\/hr\/wp-json\/wp\/v2\/product_brand?post=52086"},{"taxonomy":"product_cat","embeddable":true,"href":"https:\/\/murter-online.com\/hr\/wp-json\/wp\/v2\/product_cat?post=52086"},{"taxonomy":"product_tag","embeddable":true,"href":"https:\/\/murter-online.com\/hr\/wp-json\/wp\/v2\/product_tag?post=52086"}],"curies":[{"name":"wp","href":"https:\/\/api.w.org\/{rel}","templated":true}]}}