{"id":52087,"date":"2025-01-03T15:52:22","date_gmt":"2025-01-03T15:52:22","guid":{"rendered":"https:\/\/murter.riot.hr\/?post_type=product&#038;p=52087"},"modified":"2025-03-29T19:16:42","modified_gmt":"2025-03-29T18:16:42","slug":"kuca-uz-more-murter-betina-a51","status":"publish","type":"product","link":"https:\/\/murter-online.com\/hr\/proizvod\/kuca-uz-more-murter-betina-a51\/","title":{"rendered":"Ku\u0107e za odmor uz more Murter &#8211; Betina A5+1"},"content":{"rendered":"","protected":false},"excerpt":{"rendered":"<p>Apartman ima povr\u0161inu od 80 m2. Ima tri spava\u0107e sobe u kojima mogu spavati 5 odraslih osoba. Ima dnevni boravak. Ima kupaonicu sa tu\u0161-kadom. Povr\u0161ina Balkon\/terase je 30 m2. Apartman se nalazi u prizemlju. Apartman je opremljen sa tv-om, pe\u0107nicom, besplatnim wifi internet priklju\u010dkom, perilicom rublja. Parking je osiguran i uklju\u010den u cijenu. Apartman je oko 1500 m. udaljen od centra mjesta a 20 m. od mora ili prve pla\u017ee u mjestu Betina. Ku\u0107ni ljubimci su dozvoljeni uz dodatnu naknadu. Apartman se nalazi na odli\u010dnoj lokaciji uz more. Sa terase otvara se pogled na more i okolne otoke. Prva pje\u0161\u010dan pla\u017ea&#8221;Plitka Vala&#8221; udaljena je samo 4 minute hoda. Trgovina i restoran udaljeni su 5 minuta hoda. Uvu\u010dena i mirna uvala &#8220;Kosirina&#8221; sa izrazito \u010distim morem udaljena je 18 minuta hoda. Centar mjesta udaljen je 20 minuta hoda.<\/p>\n","protected":false},"featured_media":23321,"template":"","meta":{"_acf_changed":false},"product_brand":[],"product_cat":[139],"product_tag":[],"class_list":{"0":"post-52087","1":"product","2":"type-product","3":"status-publish","4":"has-post-thumbnail","6":"product_cat-kuce-za-odmor","8":"first","9":"instock","10":"sold-individually","11":"shipping-taxable","12":"purchasable","13":"product-type-phive_booking"},"acf":[],"_links":{"self":[{"href":"https:\/\/murter-online.com\/hr\/wp-json\/wp\/v2\/product\/52087","targetHints":{"allow":["GET"]}}],"collection":[{"href":"https:\/\/murter-online.com\/hr\/wp-json\/wp\/v2\/product"}],"about":[{"href":"https:\/\/murter-online.com\/hr\/wp-json\/wp\/v2\/types\/product"}],"wp:featuredmedia":[{"embeddable":true,"href":"https:\/\/murter-online.com\/hr\/wp-json\/wp\/v2\/media\/23321"}],"wp:attachment":[{"href":"https:\/\/murter-online.com\/hr\/wp-json\/wp\/v2\/media?parent=52087"}],"wp:term":[{"taxonomy":"product_brand","embeddable":true,"href":"https:\/\/murter-online.com\/hr\/wp-json\/wp\/v2\/product_brand?post=52087"},{"taxonomy":"product_cat","embeddable":true,"href":"https:\/\/murter-online.com\/hr\/wp-json\/wp\/v2\/product_cat?post=52087"},{"taxonomy":"product_tag","embeddable":true,"href":"https:\/\/murter-online.com\/hr\/wp-json\/wp\/v2\/product_tag?post=52087"}],"curies":[{"name":"wp","href":"https:\/\/api.w.org\/{rel}","templated":true}]}}