{"id":52133,"date":"2025-01-05T14:09:51","date_gmt":"2025-01-05T14:09:51","guid":{"rendered":"https:\/\/murter.riot.hr\/?post_type=product&#038;p=52133"},"modified":"2025-04-19T07:14:34","modified_gmt":"2025-04-19T06:14:34","slug":"apartman-murter-jersani-sea-view-a21-id-204","status":"publish","type":"product","link":"https:\/\/murter-online.com\/hr\/proizvod\/apartman-murter-jersani-sea-view-a21-id-204\/","title":{"rendered":"Apartman s vezom za brod Jersani Murter A2+1 ID 204"},"content":{"rendered":"","protected":false},"excerpt":{"rendered":"<p>Apartman u mjestu Murter na odli\u010dnoj poziciji! Samo 100 metara udaljen od mora. Apartman ima jednu spava\u0107u sobu u kojoj mogu spavati dvije odrasle osobe, ima pomo\u0107ni le\u017eaj u dnevnom boravku koji se mo\u017ee koristiti za spavanje. Kuhinja je potpuno opremljena. Apartman ima privatnu rivu i vez za brod koji se dodatno napla\u0107uje. Apartman se nalazi u blizini pje\u0161\u010dane pla\u017ee Podvr\u0161ke i lokalne pla\u017ee Luke. Za goste apartmana osiguran je besplatan parking za automobil ispred ku\u0107e. Postoji vanjski ro\u0161tilj koji se mo\u017ee koristiti. Ku\u0107ni ljubimci nisu dozvoljeni.<\/p>\n","protected":false},"featured_media":26773,"template":"","meta":{"_acf_changed":false},"product_brand":[],"product_cat":[133,136,135],"product_tag":[],"class_list":{"0":"post-52133","1":"product","2":"type-product","3":"status-publish","4":"has-post-thumbnail","6":"product_cat-apartmani-s-pogledom-na-more","7":"product_cat-apartmani-s-vezom-za-brod","8":"product_cat-obiteljski-apartmani","10":"first","11":"instock","12":"sold-individually","13":"shipping-taxable","14":"purchasable","15":"product-type-phive_booking"},"acf":[],"_links":{"self":[{"href":"https:\/\/murter-online.com\/hr\/wp-json\/wp\/v2\/product\/52133","targetHints":{"allow":["GET"]}}],"collection":[{"href":"https:\/\/murter-online.com\/hr\/wp-json\/wp\/v2\/product"}],"about":[{"href":"https:\/\/murter-online.com\/hr\/wp-json\/wp\/v2\/types\/product"}],"wp:featuredmedia":[{"embeddable":true,"href":"https:\/\/murter-online.com\/hr\/wp-json\/wp\/v2\/media\/26773"}],"wp:attachment":[{"href":"https:\/\/murter-online.com\/hr\/wp-json\/wp\/v2\/media?parent=52133"}],"wp:term":[{"taxonomy":"product_brand","embeddable":true,"href":"https:\/\/murter-online.com\/hr\/wp-json\/wp\/v2\/product_brand?post=52133"},{"taxonomy":"product_cat","embeddable":true,"href":"https:\/\/murter-online.com\/hr\/wp-json\/wp\/v2\/product_cat?post=52133"},{"taxonomy":"product_tag","embeddable":true,"href":"https:\/\/murter-online.com\/hr\/wp-json\/wp\/v2\/product_tag?post=52133"}],"curies":[{"name":"wp","href":"https:\/\/api.w.org\/{rel}","templated":true}]}}