{"id":52137,"date":"2025-01-05T17:30:11","date_gmt":"2025-01-05T17:30:11","guid":{"rendered":"https:\/\/murter.riot.hr\/?post_type=product&#038;p=52137"},"modified":"2025-01-25T15:45:56","modified_gmt":"2025-01-25T15:45:56","slug":"apartman-stari-murter-a21-id-208","status":"publish","type":"product","link":"https:\/\/murter-online.com\/hr\/proizvod\/apartman-stari-murter-a21-id-208\/","title":{"rendered":"Apartman Stari Murter A2+1 ID 208"},"content":{"rendered":"","protected":false},"excerpt":{"rendered":"<p>Povoljan apartman u Murteru. Apartman za max.2+1 osobe nalazi se u starom dijelu Murtera. Najbli\u017ea pla\u017ea je \u010cigra\u0111a. Apartman se nalazi u prizemlju, ima jednu spava\u0107u sobu u kojoj mogu spavati dvije osobe, u dnevnom boravku se nalazi kau\u010d koji se mo\u017ee koristiti za spavanje. Terasa je zajedni\u010dka, gosti apartmana dijele je sa jo\u0161 dvije dvokrevetne sobe. Parking je osiguran i besplatan.<\/p>\n","protected":false},"featured_media":27885,"template":"","meta":{"_acf_changed":false},"product_brand":[],"product_cat":[129,135],"product_tag":[],"class_list":{"0":"post-52137","1":"product","2":"type-product","3":"status-publish","4":"has-post-thumbnail","6":"product_cat-apartmani","7":"product_cat-obiteljski-apartmani","9":"first","10":"instock","11":"sold-individually","12":"shipping-taxable","13":"purchasable","14":"product-type-phive_booking"},"acf":[],"_links":{"self":[{"href":"https:\/\/murter-online.com\/hr\/wp-json\/wp\/v2\/product\/52137","targetHints":{"allow":["GET"]}}],"collection":[{"href":"https:\/\/murter-online.com\/hr\/wp-json\/wp\/v2\/product"}],"about":[{"href":"https:\/\/murter-online.com\/hr\/wp-json\/wp\/v2\/types\/product"}],"wp:featuredmedia":[{"embeddable":true,"href":"https:\/\/murter-online.com\/hr\/wp-json\/wp\/v2\/media\/27885"}],"wp:attachment":[{"href":"https:\/\/murter-online.com\/hr\/wp-json\/wp\/v2\/media?parent=52137"}],"wp:term":[{"taxonomy":"product_brand","embeddable":true,"href":"https:\/\/murter-online.com\/hr\/wp-json\/wp\/v2\/product_brand?post=52137"},{"taxonomy":"product_cat","embeddable":true,"href":"https:\/\/murter-online.com\/hr\/wp-json\/wp\/v2\/product_cat?post=52137"},{"taxonomy":"product_tag","embeddable":true,"href":"https:\/\/murter-online.com\/hr\/wp-json\/wp\/v2\/product_tag?post=52137"}],"curies":[{"name":"wp","href":"https:\/\/api.w.org\/{rel}","templated":true}]}}