{"id":52146,"date":"2025-01-05T17:50:50","date_gmt":"2025-01-05T17:50:50","guid":{"rendered":"https:\/\/murter.riot.hr\/?post_type=product&#038;p=52146"},"modified":"2025-04-14T13:42:21","modified_gmt":"2025-04-14T12:42:21","slug":"apartman-murter-podvrske-a21-id-299","status":"publish","type":"product","link":"https:\/\/murter-online.com\/hr\/proizvod\/apartman-murter-podvrske-a21-id-299\/","title":{"rendered":"Apartman blizu pla\u017ee Podvr\u0161ke Murter A2+1 ID 299"},"content":{"rendered":"","protected":false},"excerpt":{"rendered":"<p>Apartman sa 1 spava\u0107om sobom za ukupno 2+2 osoba smje\u0161ten je na odli\u010dnoj poziciji. Apartman se nalazi blizu gradske pla\u017ee Luke (150 metara, pogodna za djecu i starije), i blizu pje\u0161\u010dane pla\u017ee Podvr\u0161ke od koje je udaljen max.5-7 minuta laganog hoda. Apartman ima kuhinju koja je potpuno opremljena. U kuhinji se nalazi zamrziva\u010d, pe\u0107nica, kuhalo za vodu, aparat za kavu. Apartman ima 4 osnovna le\u017eaja, u sobi postoji 1 pomo\u0107ni le\u017eaj koji se mo\u017ee koristiti za spavanje. Parking za automobil nalazi se ispred ku\u010de u dvori\u0161tu. Apartman ima terasu sa pogledom na more.<\/p>\n","protected":false},"featured_media":28369,"template":"","meta":{"_acf_changed":false},"product_brand":[],"product_cat":[129,133,135],"product_tag":[],"class_list":{"0":"post-52146","1":"product","2":"type-product","3":"status-publish","4":"has-post-thumbnail","6":"product_cat-apartmani","7":"product_cat-apartmani-s-pogledom-na-more","8":"product_cat-obiteljski-apartmani","10":"first","11":"instock","12":"sold-individually","13":"shipping-taxable","14":"purchasable","15":"product-type-phive_booking"},"acf":[],"_links":{"self":[{"href":"https:\/\/murter-online.com\/hr\/wp-json\/wp\/v2\/product\/52146","targetHints":{"allow":["GET"]}}],"collection":[{"href":"https:\/\/murter-online.com\/hr\/wp-json\/wp\/v2\/product"}],"about":[{"href":"https:\/\/murter-online.com\/hr\/wp-json\/wp\/v2\/types\/product"}],"wp:featuredmedia":[{"embeddable":true,"href":"https:\/\/murter-online.com\/hr\/wp-json\/wp\/v2\/media\/28369"}],"wp:attachment":[{"href":"https:\/\/murter-online.com\/hr\/wp-json\/wp\/v2\/media?parent=52146"}],"wp:term":[{"taxonomy":"product_brand","embeddable":true,"href":"https:\/\/murter-online.com\/hr\/wp-json\/wp\/v2\/product_brand?post=52146"},{"taxonomy":"product_cat","embeddable":true,"href":"https:\/\/murter-online.com\/hr\/wp-json\/wp\/v2\/product_cat?post=52146"},{"taxonomy":"product_tag","embeddable":true,"href":"https:\/\/murter-online.com\/hr\/wp-json\/wp\/v2\/product_tag?post=52146"}],"curies":[{"name":"wp","href":"https:\/\/api.w.org\/{rel}","templated":true}]}}