{"id":52154,"date":"2025-01-05T18:39:39","date_gmt":"2025-01-05T18:39:39","guid":{"rendered":"https:\/\/murter.riot.hr\/?post_type=product&#038;p=52154"},"modified":"2025-04-26T13:32:38","modified_gmt":"2025-04-26T12:32:38","slug":"apartman-murter-sunny-place-a21-id-54","status":"publish","type":"product","link":"https:\/\/murter-online.com\/hr\/proizvod\/apartman-murter-sunny-place-a21-id-54\/","title":{"rendered":"Obiteljski apartman Sunny place Murter A2+1 ID 54"},"content":{"rendered":"","protected":false},"excerpt":{"rendered":"<p>Apartman Jasenka A2+1 ID 54 nalazi se u blizini gradske pla\u017ee Luke. Apartman je smje\u0161ten u mirnoj \u010detvrti,a do centra je udaljen svega par minuta hoda. Apartman se sastoji od jedne spava\u0107e sobe, wc-a, dnevnog boravka s kuhinjom te prostrane terase. Apartman je opremljen besplatnim WiFi-em, klimom, perilicom posu\u0111a i SAT tv-om. Posteljina, ru\u010dnici i zavr\u0161no \u010di\u0161\u0107enje uklju\u010deni su u cijenu.<\/p>\n","protected":false},"featured_media":28941,"template":"","meta":{"_acf_changed":false},"product_brand":[],"product_cat":[129,135],"product_tag":[],"class_list":{"0":"post-52154","1":"product","2":"type-product","3":"status-publish","4":"has-post-thumbnail","6":"product_cat-apartmani","7":"product_cat-obiteljski-apartmani","9":"first","10":"instock","11":"sold-individually","12":"shipping-taxable","13":"purchasable","14":"product-type-phive_booking"},"acf":[],"_links":{"self":[{"href":"https:\/\/murter-online.com\/hr\/wp-json\/wp\/v2\/product\/52154","targetHints":{"allow":["GET"]}}],"collection":[{"href":"https:\/\/murter-online.com\/hr\/wp-json\/wp\/v2\/product"}],"about":[{"href":"https:\/\/murter-online.com\/hr\/wp-json\/wp\/v2\/types\/product"}],"wp:featuredmedia":[{"embeddable":true,"href":"https:\/\/murter-online.com\/hr\/wp-json\/wp\/v2\/media\/28941"}],"wp:attachment":[{"href":"https:\/\/murter-online.com\/hr\/wp-json\/wp\/v2\/media?parent=52154"}],"wp:term":[{"taxonomy":"product_brand","embeddable":true,"href":"https:\/\/murter-online.com\/hr\/wp-json\/wp\/v2\/product_brand?post=52154"},{"taxonomy":"product_cat","embeddable":true,"href":"https:\/\/murter-online.com\/hr\/wp-json\/wp\/v2\/product_cat?post=52154"},{"taxonomy":"product_tag","embeddable":true,"href":"https:\/\/murter-online.com\/hr\/wp-json\/wp\/v2\/product_tag?post=52154"}],"curies":[{"name":"wp","href":"https:\/\/api.w.org\/{rel}","templated":true}]}}