{"id":52158,"date":"2025-01-05T18:46:49","date_gmt":"2025-01-05T18:46:49","guid":{"rendered":"https:\/\/murter.riot.hr\/?post_type=product&#038;p=52158"},"modified":"2025-04-16T19:59:44","modified_gmt":"2025-04-16T18:59:44","slug":"apartman-murter-sunny-place-a21-id-55","status":"publish","type":"product","link":"https:\/\/murter-online.com\/hr\/proizvod\/apartman-murter-sunny-place-a21-id-55\/","title":{"rendered":"Apartman sa pogledom na more Sunny Place Murter A2+1 ID 55"},"content":{"rendered":"","protected":false},"excerpt":{"rendered":"<p>Apartman Jasenka Seaside A2 + 1 ID 55 nalazi se u blizini gradske pla\u017ee Luke. Apartman se nalazi u mirnom predjelu, a do centra mjesta je samo nekoliko minuta hoda. Stan se sastoji od jedne spava\u0107e sobe, wc-a, dnevnog boravka sa kuhinjom i balkona. Apartman je opremljen besplatnim be\u017ei\u010dnim internetom, klima ure\u0111ajem, perilicom posu\u0111a i satelitskom TV. Posteljina, ru\u010dnici i zavr\u0161no \u010di\u0161\u0107enje uklju\u010deni su u cijenu.<\/p>\n","protected":false},"featured_media":29005,"template":"","meta":{"_acf_changed":false},"product_brand":[],"product_cat":[129,133,135],"product_tag":[],"class_list":{"0":"post-52158","1":"product","2":"type-product","3":"status-publish","4":"has-post-thumbnail","6":"product_cat-apartmani","7":"product_cat-apartmani-s-pogledom-na-more","8":"product_cat-obiteljski-apartmani","10":"first","11":"instock","12":"sold-individually","13":"shipping-taxable","14":"purchasable","15":"product-type-phive_booking"},"acf":[],"_links":{"self":[{"href":"https:\/\/murter-online.com\/hr\/wp-json\/wp\/v2\/product\/52158","targetHints":{"allow":["GET"]}}],"collection":[{"href":"https:\/\/murter-online.com\/hr\/wp-json\/wp\/v2\/product"}],"about":[{"href":"https:\/\/murter-online.com\/hr\/wp-json\/wp\/v2\/types\/product"}],"wp:featuredmedia":[{"embeddable":true,"href":"https:\/\/murter-online.com\/hr\/wp-json\/wp\/v2\/media\/29005"}],"wp:attachment":[{"href":"https:\/\/murter-online.com\/hr\/wp-json\/wp\/v2\/media?parent=52158"}],"wp:term":[{"taxonomy":"product_brand","embeddable":true,"href":"https:\/\/murter-online.com\/hr\/wp-json\/wp\/v2\/product_brand?post=52158"},{"taxonomy":"product_cat","embeddable":true,"href":"https:\/\/murter-online.com\/hr\/wp-json\/wp\/v2\/product_cat?post=52158"},{"taxonomy":"product_tag","embeddable":true,"href":"https:\/\/murter-online.com\/hr\/wp-json\/wp\/v2\/product_tag?post=52158"}],"curies":[{"name":"wp","href":"https:\/\/api.w.org\/{rel}","templated":true}]}}