{"id":52162,"date":"2025-01-05T20:51:50","date_gmt":"2025-01-05T20:51:50","guid":{"rendered":"https:\/\/murter.riot.hr\/?post_type=product&#038;p=52162"},"modified":"2025-04-16T20:07:42","modified_gmt":"2025-04-16T19:07:42","slug":"apartman-murter-sa-vezom-za-brod-1-a21-id-42","status":"publish","type":"product","link":"https:\/\/murter-online.com\/hr\/proizvod\/apartman-murter-sa-vezom-za-brod-1-a21-id-42\/","title":{"rendered":"Apartman sa vezom za brod Murter 1 A2+1 ID 42"},"content":{"rendered":"","protected":false},"excerpt":{"rendered":"<p>Raspored prostorija: Dnevni boravak i kuhinja su jedna prostorija, Broj pomo\u0107nih le\u017eajeva u dnevnom boravku: 1,Broj spava\u0107ih soba s bra\u010dnim krevetom: 1,Broj kupaonica s tu\u0161em i wc-om: 1,Veli\u010dina terase: 6m2 Oprema smje\u0161tajne jedinice: Klimatizacija,Sat TV,Nema perilice rublja, Hladnjak,\u0160tednjak,TV,Grijanje,Internet,Ro\u0161tilj, Pozicija i eksterijer smje\u0161tajne jedinice: Pogled na more, Zajedni\u010dki ulaz,1. kat, Dodatne informacije: Check in od : 14sati,Check out do: 10sati, Ku\u0107ni ljubimci nisu dozvoljeni,Dozvoljeno pu\u0161enje, Cijena uklju\u010duje: Tjedno mjenjanje posteljine,Ru\u010dnici,Pribor za kuhanje i jelo,Utro\u0161ak struje, vode i plina,Pribor za \u010di\u0161\u0107enje,Toaletni papir (pri dolasku),Zavr\u0161no \u010di\u0161\u0107enje<\/p>\n","protected":false},"featured_media":29449,"template":"","meta":{"_acf_changed":false},"product_brand":[],"product_cat":[129,133,136,135],"product_tag":[],"class_list":{"0":"post-52162","1":"product","2":"type-product","3":"status-publish","4":"has-post-thumbnail","6":"product_cat-apartmani","7":"product_cat-apartmani-s-pogledom-na-more","8":"product_cat-apartmani-s-vezom-za-brod","9":"product_cat-obiteljski-apartmani","11":"first","12":"instock","13":"sold-individually","14":"shipping-taxable","15":"purchasable","16":"product-type-phive_booking"},"acf":[],"_links":{"self":[{"href":"https:\/\/murter-online.com\/hr\/wp-json\/wp\/v2\/product\/52162","targetHints":{"allow":["GET"]}}],"collection":[{"href":"https:\/\/murter-online.com\/hr\/wp-json\/wp\/v2\/product"}],"about":[{"href":"https:\/\/murter-online.com\/hr\/wp-json\/wp\/v2\/types\/product"}],"wp:featuredmedia":[{"embeddable":true,"href":"https:\/\/murter-online.com\/hr\/wp-json\/wp\/v2\/media\/29449"}],"wp:attachment":[{"href":"https:\/\/murter-online.com\/hr\/wp-json\/wp\/v2\/media?parent=52162"}],"wp:term":[{"taxonomy":"product_brand","embeddable":true,"href":"https:\/\/murter-online.com\/hr\/wp-json\/wp\/v2\/product_brand?post=52162"},{"taxonomy":"product_cat","embeddable":true,"href":"https:\/\/murter-online.com\/hr\/wp-json\/wp\/v2\/product_cat?post=52162"},{"taxonomy":"product_tag","embeddable":true,"href":"https:\/\/murter-online.com\/hr\/wp-json\/wp\/v2\/product_tag?post=52162"}],"curies":[{"name":"wp","href":"https:\/\/api.w.org\/{rel}","templated":true}]}}