{"id":52170,"date":"2025-01-05T21:10:21","date_gmt":"2025-01-05T21:10:21","guid":{"rendered":"https:\/\/murter.riot.hr\/?post_type=product&#038;p=52170"},"modified":"2025-04-16T20:42:36","modified_gmt":"2025-04-16T19:42:36","slug":"apartman-murter-sa-bazenom-slanica-a22-id-47","status":"publish","type":"product","link":"https:\/\/murter-online.com\/hr\/proizvod\/apartman-murter-sa-bazenom-slanica-a22-id-47\/","title":{"rendered":"Apartman sa bazenom Slanica Murter A2+2 ID 47"},"content":{"rendered":"","protected":false},"excerpt":{"rendered":"<p>Apartman Slanica pozicioniran je na drugom katu. Ima jednu spava\u0107u sobu, prostrani dnevni boravak, modernu kuhinju te kupaonicu sa hidromasa\u017enom parnom tu\u0161 kabinom. Veliki balkon odu\u0161evljava pogledom na okolicu, oku\u010dnicu ku\u0107e, more. Apartman je opremljen klima ure\u0111ajem, besplatnim be\u017ei\u010dnim internetom i satelitskom TV Posteljina, ru\u010dnici i zavr\u0161no \u010di\u0161\u0107enje uklju\u010deni su u cijenu.<\/p>\n","protected":false},"featured_media":29553,"template":"","meta":{"_acf_changed":false},"product_brand":[],"product_cat":[129,134,133,135],"product_tag":[],"class_list":{"0":"post-52170","1":"product","2":"type-product","3":"status-publish","4":"has-post-thumbnail","6":"product_cat-apartmani","7":"product_cat-apartmani-s-bazenom","8":"product_cat-apartmani-s-pogledom-na-more","9":"product_cat-obiteljski-apartmani","11":"first","12":"instock","13":"sold-individually","14":"shipping-taxable","15":"purchasable","16":"product-type-phive_booking"},"acf":[],"_links":{"self":[{"href":"https:\/\/murter-online.com\/hr\/wp-json\/wp\/v2\/product\/52170","targetHints":{"allow":["GET"]}}],"collection":[{"href":"https:\/\/murter-online.com\/hr\/wp-json\/wp\/v2\/product"}],"about":[{"href":"https:\/\/murter-online.com\/hr\/wp-json\/wp\/v2\/types\/product"}],"wp:featuredmedia":[{"embeddable":true,"href":"https:\/\/murter-online.com\/hr\/wp-json\/wp\/v2\/media\/29553"}],"wp:attachment":[{"href":"https:\/\/murter-online.com\/hr\/wp-json\/wp\/v2\/media?parent=52170"}],"wp:term":[{"taxonomy":"product_brand","embeddable":true,"href":"https:\/\/murter-online.com\/hr\/wp-json\/wp\/v2\/product_brand?post=52170"},{"taxonomy":"product_cat","embeddable":true,"href":"https:\/\/murter-online.com\/hr\/wp-json\/wp\/v2\/product_cat?post=52170"},{"taxonomy":"product_tag","embeddable":true,"href":"https:\/\/murter-online.com\/hr\/wp-json\/wp\/v2\/product_tag?post=52170"}],"curies":[{"name":"wp","href":"https:\/\/api.w.org\/{rel}","templated":true}]}}