{"id":52203,"date":"2025-01-06T08:19:35","date_gmt":"2025-01-06T08:19:35","guid":{"rendered":"https:\/\/murter.riot.hr\/?post_type=product&#038;p=52203"},"modified":"2025-01-26T07:26:44","modified_gmt":"2025-01-26T07:26:44","slug":"apartman-mir-blizu-plaze-slanica-a22-id-311","status":"publish","type":"product","link":"https:\/\/murter-online.com\/hr\/proizvod\/apartman-mir-blizu-plaze-slanica-a22-id-311\/","title":{"rendered":"Apartman Mir blizu pla\u017ee Slanica A2+2 ID 311"},"content":{"rendered":"","protected":false},"excerpt":{"rendered":"<p>Apartman je smje\u0161ten na mirnoj i tihoj lokaciji nedaleko od pje\u0161\u010dane pla\u017ee Slanica. Apartman ima jednu spava\u0107u sobu u kojoj mogu spavati 2 odrasle osobe. U dnevnom boravku postoje pomo\u0107ni le\u017eajevi na kojima mogu spavati dvije osobe. Apartman ima kupaonicu sa tu\u0161 kadom. Apartman ima terasu koja je poslijepodne u hladu . Od centra mjesta udaljen je 10 minuta laganog hoda, a od prve pla\u017ee 500 metara. Ispred ku\u0107e nalazi se besplatan parking za goste apartmana i ro\u0161tilj koji se mo\u017ee besplatno koristiti. Apartman ima klimu, besplatan WiFi, kuhinju sa hladnjakom, kuhalom i mikrovalnom.<\/p>\n","protected":false},"featured_media":30069,"template":"","meta":{"_acf_changed":false},"product_brand":[],"product_cat":[129,135],"product_tag":[],"class_list":{"0":"post-52203","1":"product","2":"type-product","3":"status-publish","4":"has-post-thumbnail","6":"product_cat-apartmani","7":"product_cat-obiteljski-apartmani","9":"first","10":"instock","11":"sold-individually","12":"shipping-taxable","13":"purchasable","14":"product-type-phive_booking"},"acf":[],"_links":{"self":[{"href":"https:\/\/murter-online.com\/hr\/wp-json\/wp\/v2\/product\/52203","targetHints":{"allow":["GET"]}}],"collection":[{"href":"https:\/\/murter-online.com\/hr\/wp-json\/wp\/v2\/product"}],"about":[{"href":"https:\/\/murter-online.com\/hr\/wp-json\/wp\/v2\/types\/product"}],"wp:featuredmedia":[{"embeddable":true,"href":"https:\/\/murter-online.com\/hr\/wp-json\/wp\/v2\/media\/30069"}],"wp:attachment":[{"href":"https:\/\/murter-online.com\/hr\/wp-json\/wp\/v2\/media?parent=52203"}],"wp:term":[{"taxonomy":"product_brand","embeddable":true,"href":"https:\/\/murter-online.com\/hr\/wp-json\/wp\/v2\/product_brand?post=52203"},{"taxonomy":"product_cat","embeddable":true,"href":"https:\/\/murter-online.com\/hr\/wp-json\/wp\/v2\/product_cat?post=52203"},{"taxonomy":"product_tag","embeddable":true,"href":"https:\/\/murter-online.com\/hr\/wp-json\/wp\/v2\/product_tag?post=52203"}],"curies":[{"name":"wp","href":"https:\/\/api.w.org\/{rel}","templated":true}]}}