{"id":52207,"date":"2025-01-06T08:38:11","date_gmt":"2025-01-06T08:38:11","guid":{"rendered":"https:\/\/murter.riot.hr\/?post_type=product&#038;p=52207"},"modified":"2025-04-17T09:49:06","modified_gmt":"2025-04-17T08:49:06","slug":"apartman-mir-blizu-plaze-slanica-a22-id-312","status":"publish","type":"product","link":"https:\/\/murter-online.com\/hr\/proizvod\/apartman-mir-blizu-plaze-slanica-a22-id-312\/","title":{"rendered":"Apartman sa pogledom na more blizu pla\u017ee Slanica Mir Murter A2+2 ID 312"},"content":{"rendered":"","protected":false},"excerpt":{"rendered":"<p>Apartman je smje\u0161ten na mirnoj i tihoj lokaciji nedaleko od pje\u0161\u010dane pla\u017ee Slanica. Apartman ima jednu spava\u0107u sobu u kojoj mogu spavati 2 odrasle osobe. U dnevnom boravku postoje pomo\u0107ni le\u017eajevi na kojima mogu spavati 2 osobe. Apartman ima kupaonicu sa tu\u0161 kadom. Apartman ima terasu sa pogledom na more. Od centra mjesta udaljen je 10 minuta laganog hoda, a od prve pla\u017ee 500 metara. Ispred ku\u0107e nalazi se besplatan parking za goste apartmana i ro\u0161tilj koji se mo\u017ee besplatno koristiti. Apartman ima klimu, besplatan WiFi, kuhinju sa hladnjakom, kuhalom i mikrovalnom.<\/p>\n","protected":false},"featured_media":30121,"template":"","meta":{"_acf_changed":false},"product_brand":[],"product_cat":[129,133,135],"product_tag":[],"class_list":{"0":"post-52207","1":"product","2":"type-product","3":"status-publish","4":"has-post-thumbnail","6":"product_cat-apartmani","7":"product_cat-apartmani-s-pogledom-na-more","8":"product_cat-obiteljski-apartmani","10":"first","11":"instock","12":"sold-individually","13":"shipping-taxable","14":"purchasable","15":"product-type-phive_booking"},"acf":[],"_links":{"self":[{"href":"https:\/\/murter-online.com\/hr\/wp-json\/wp\/v2\/product\/52207","targetHints":{"allow":["GET"]}}],"collection":[{"href":"https:\/\/murter-online.com\/hr\/wp-json\/wp\/v2\/product"}],"about":[{"href":"https:\/\/murter-online.com\/hr\/wp-json\/wp\/v2\/types\/product"}],"wp:featuredmedia":[{"embeddable":true,"href":"https:\/\/murter-online.com\/hr\/wp-json\/wp\/v2\/media\/30121"}],"wp:attachment":[{"href":"https:\/\/murter-online.com\/hr\/wp-json\/wp\/v2\/media?parent=52207"}],"wp:term":[{"taxonomy":"product_brand","embeddable":true,"href":"https:\/\/murter-online.com\/hr\/wp-json\/wp\/v2\/product_brand?post=52207"},{"taxonomy":"product_cat","embeddable":true,"href":"https:\/\/murter-online.com\/hr\/wp-json\/wp\/v2\/product_cat?post=52207"},{"taxonomy":"product_tag","embeddable":true,"href":"https:\/\/murter-online.com\/hr\/wp-json\/wp\/v2\/product_tag?post=52207"}],"curies":[{"name":"wp","href":"https:\/\/api.w.org\/{rel}","templated":true}]}}