{"id":52211,"date":"2025-01-05T13:58:35","date_gmt":"2025-01-05T13:58:35","guid":{"rendered":"https:\/\/murter.riot.hr\/?post_type=product&#038;p=52211"},"modified":"2025-01-26T07:45:18","modified_gmt":"2025-01-26T07:45:18","slug":"studio-apartman-sa-vezom-za-brod-a2-id-215","status":"publish","type":"product","link":"https:\/\/murter-online.com\/hr\/proizvod\/studio-apartman-sa-vezom-za-brod-a2-id-215\/","title":{"rendered":"Studio apartman sa vezom za brod A2 ID 215"},"content":{"rendered":"","protected":false},"excerpt":{"rendered":"<div align=\"center\">\n<div class=\"max_width\" align=\"left\">\n<div>\n<div>Apartman sa besplatnim vezom za brod u Murter. Novoure\u0111eni apartman za dvije osobe u blizini pla\u017ee Podvr\u0161ke. Prva pla\u017ea udaljena je 150 metara od apartmana. Parking za goste osiguran je ispred ku\u0107e i uklju\u010den u cijenu apartmana. Postoji vanjski ro\u0161tilj koji se mo\u017ee koristiti.<\/div>\n<\/div>\n<\/div>\n<\/div>\n<div align=\"center\"><\/div>\n","protected":false},"featured_media":26769,"template":"","meta":{"_acf_changed":false},"product_brand":[],"product_cat":[137],"product_tag":[],"class_list":{"0":"post-52211","1":"product","2":"type-product","3":"status-publish","4":"has-post-thumbnail","6":"product_cat-studio-apartmani","8":"first","9":"instock","10":"sold-individually","11":"shipping-taxable","12":"purchasable","13":"product-type-phive_booking"},"acf":[],"_links":{"self":[{"href":"https:\/\/murter-online.com\/hr\/wp-json\/wp\/v2\/product\/52211","targetHints":{"allow":["GET"]}}],"collection":[{"href":"https:\/\/murter-online.com\/hr\/wp-json\/wp\/v2\/product"}],"about":[{"href":"https:\/\/murter-online.com\/hr\/wp-json\/wp\/v2\/types\/product"}],"wp:featuredmedia":[{"embeddable":true,"href":"https:\/\/murter-online.com\/hr\/wp-json\/wp\/v2\/media\/26769"}],"wp:attachment":[{"href":"https:\/\/murter-online.com\/hr\/wp-json\/wp\/v2\/media?parent=52211"}],"wp:term":[{"taxonomy":"product_brand","embeddable":true,"href":"https:\/\/murter-online.com\/hr\/wp-json\/wp\/v2\/product_brand?post=52211"},{"taxonomy":"product_cat","embeddable":true,"href":"https:\/\/murter-online.com\/hr\/wp-json\/wp\/v2\/product_cat?post=52211"},{"taxonomy":"product_tag","embeddable":true,"href":"https:\/\/murter-online.com\/hr\/wp-json\/wp\/v2\/product_tag?post=52211"}],"curies":[{"name":"wp","href":"https:\/\/api.w.org\/{rel}","templated":true}]}}