{"id":52214,"date":"2025-01-06T08:48:10","date_gmt":"2025-01-06T08:48:10","guid":{"rendered":"https:\/\/murter.riot.hr\/?post_type=product&#038;p=52214"},"modified":"2025-04-21T09:45:43","modified_gmt":"2025-04-21T08:45:43","slug":"apartman-podraduc-murter-a2-id-290","status":"publish","type":"product","link":"https:\/\/murter-online.com\/hr\/proizvod\/apartman-podraduc-murter-a2-id-290\/","title":{"rendered":"Apartman za 2 osobe &#8211; studio Podradu\u010d Murter A2 ID 290"},"content":{"rendered":"","protected":false},"excerpt":{"rendered":"<p>Apartman se nalazi u ulici Podradu\u010d. Ispred ku\u0107e je stjenovita pla\u017ea , u sklopu te pla\u017ee postoji prostor sa le\u017ealjkama za pla\u017eu koje se mogu besplatno koristiti. Iz apartmana se ne vidi more ali apartman ima malu terasu sa pogledom na more. Apartman ima jednu spava\u0107u sobu u kojoj mogu spavati 2 odrasle osobe., ima kuponu sa wc-om i kuhinju. Kuhinja je potpuno opremljena. U kuhinji se nalazi fri\u017eider, elektri\u010dni \u0161tednjak, kuhalo za vodu i caffe aparat. Apartman ima klimu i WiFi internet. Postoji vanjski ro\u0161tilj koji se mo\u017ee besplatno koristiti. Parking se nalazi ispred ku\u0107e i uklju\u010den je u cijenu apartmana.<\/p>\n","protected":false},"featured_media":30189,"template":"","meta":{"_acf_changed":false},"product_brand":[],"product_cat":[129,137],"product_tag":[],"class_list":{"0":"post-52214","1":"product","2":"type-product","3":"status-publish","4":"has-post-thumbnail","6":"product_cat-apartmani","7":"product_cat-studio-apartmani","9":"first","10":"instock","11":"sold-individually","12":"shipping-taxable","13":"purchasable","14":"product-type-phive_booking"},"acf":[],"_links":{"self":[{"href":"https:\/\/murter-online.com\/hr\/wp-json\/wp\/v2\/product\/52214","targetHints":{"allow":["GET"]}}],"collection":[{"href":"https:\/\/murter-online.com\/hr\/wp-json\/wp\/v2\/product"}],"about":[{"href":"https:\/\/murter-online.com\/hr\/wp-json\/wp\/v2\/types\/product"}],"wp:featuredmedia":[{"embeddable":true,"href":"https:\/\/murter-online.com\/hr\/wp-json\/wp\/v2\/media\/30189"}],"wp:attachment":[{"href":"https:\/\/murter-online.com\/hr\/wp-json\/wp\/v2\/media?parent=52214"}],"wp:term":[{"taxonomy":"product_brand","embeddable":true,"href":"https:\/\/murter-online.com\/hr\/wp-json\/wp\/v2\/product_brand?post=52214"},{"taxonomy":"product_cat","embeddable":true,"href":"https:\/\/murter-online.com\/hr\/wp-json\/wp\/v2\/product_cat?post=52214"},{"taxonomy":"product_tag","embeddable":true,"href":"https:\/\/murter-online.com\/hr\/wp-json\/wp\/v2\/product_tag?post=52214"}],"curies":[{"name":"wp","href":"https:\/\/api.w.org\/{rel}","templated":true}]}}