{"id":52219,"date":"2025-01-05T13:52:51","date_gmt":"2025-01-05T13:52:51","guid":{"rendered":"https:\/\/murter.riot.hr\/?post_type=product&#038;p=52219"},"modified":"2025-01-26T07:49:15","modified_gmt":"2025-01-26T07:49:15","slug":"studio-apartman-stari-murter-a2","status":"publish","type":"product","link":"https:\/\/murter-online.com\/hr\/proizvod\/studio-apartman-stari-murter-a2\/","title":{"rendered":"Studio apartman Stari Murter A2"},"content":{"rendered":"","protected":false},"excerpt":{"rendered":"<p>Studio apartman za max . 2 osobe nalazi se u starom dijelu Murtera. U apartmanu se nalazi bra\u010dni krevet na kojem mogu spavati dvije odrasle osobe. Apartman se nalazi na prvom katu ku\u0107e. U apartmanu se nalazi \u010dajna kuhinja i wc sa kupaonom. Kuhinja ima mali fri\u017eider i posu\u0111e za pripremu hrane za 2 osobe. Apartman ima WiFi internet i klimu. Parking za auto nalazi se 150 metara od apartmana i uklju\u010den je u cijenu. Najbli\u017ea pla\u017ea je pla\u017ea \u010cigra\u0111a, udaljena je max.5-10 minuta laganog hoda od apartmana.<\/p>\n","protected":false},"featured_media":26749,"template":"","meta":{"_acf_changed":false},"product_brand":[],"product_cat":[137],"product_tag":[],"class_list":{"0":"post-52219","1":"product","2":"type-product","3":"status-publish","4":"has-post-thumbnail","6":"product_cat-studio-apartmani","8":"first","9":"instock","10":"sold-individually","11":"shipping-taxable","12":"purchasable","13":"product-type-phive_booking"},"acf":[],"_links":{"self":[{"href":"https:\/\/murter-online.com\/hr\/wp-json\/wp\/v2\/product\/52219","targetHints":{"allow":["GET"]}}],"collection":[{"href":"https:\/\/murter-online.com\/hr\/wp-json\/wp\/v2\/product"}],"about":[{"href":"https:\/\/murter-online.com\/hr\/wp-json\/wp\/v2\/types\/product"}],"wp:featuredmedia":[{"embeddable":true,"href":"https:\/\/murter-online.com\/hr\/wp-json\/wp\/v2\/media\/26749"}],"wp:attachment":[{"href":"https:\/\/murter-online.com\/hr\/wp-json\/wp\/v2\/media?parent=52219"}],"wp:term":[{"taxonomy":"product_brand","embeddable":true,"href":"https:\/\/murter-online.com\/hr\/wp-json\/wp\/v2\/product_brand?post=52219"},{"taxonomy":"product_cat","embeddable":true,"href":"https:\/\/murter-online.com\/hr\/wp-json\/wp\/v2\/product_cat?post=52219"},{"taxonomy":"product_tag","embeddable":true,"href":"https:\/\/murter-online.com\/hr\/wp-json\/wp\/v2\/product_tag?post=52219"}],"curies":[{"name":"wp","href":"https:\/\/api.w.org\/{rel}","templated":true}]}}