{"id":52225,"date":"2025-01-06T09:08:57","date_gmt":"2025-01-06T09:08:57","guid":{"rendered":"https:\/\/murter.riot.hr\/?post_type=product&#038;p=52225"},"modified":"2025-04-17T08:40:41","modified_gmt":"2025-04-17T07:40:41","slug":"apartman-podraduc-murter-a21-id-146","status":"publish","type":"product","link":"https:\/\/murter-online.com\/hr\/proizvod\/apartman-podraduc-murter-a21-id-146\/","title":{"rendered":"Apartman sa pogledom na more Podradu\u010d Murter A2+1 ID 146"},"content":{"rendered":"","protected":false},"excerpt":{"rendered":"<p>Apartman sa prekrasnim pogledom na more se nalazi na izvrsnoj lokaciji samo 100 metara udaljen od mora. Apartman ima povr\u0161inu od 35 m2. Ima jednu spava\u0107u sobu u kojoj mogu spavati 2 odrasle osobe. Ima dnevni boravak, koji se mo\u017ee koristiti za spavanje &#8211; Ima pomo\u0107ni le\u017eaj za jednu osobu. Ima kupaonicu sa tu\u0161-kadom. Povr\u0161ina Balkon\/terase je 8 m2. Apartman se nalazi u prizemlju. Apartman je opremljen sa tv-om, klimom. Parking je osiguran i uklju\u010den u cijenu. Ku\u0107ni ljubimcI na upit.<\/p>\n","protected":false},"featured_media":30309,"template":"","meta":{"_acf_changed":false},"product_brand":[],"product_cat":[133],"product_tag":[],"class_list":{"0":"post-52225","1":"product","2":"type-product","3":"status-publish","4":"has-post-thumbnail","6":"product_cat-apartmani-s-pogledom-na-more","8":"first","9":"instock","10":"sold-individually","11":"shipping-taxable","12":"purchasable","13":"product-type-phive_booking"},"acf":[],"_links":{"self":[{"href":"https:\/\/murter-online.com\/hr\/wp-json\/wp\/v2\/product\/52225","targetHints":{"allow":["GET"]}}],"collection":[{"href":"https:\/\/murter-online.com\/hr\/wp-json\/wp\/v2\/product"}],"about":[{"href":"https:\/\/murter-online.com\/hr\/wp-json\/wp\/v2\/types\/product"}],"wp:featuredmedia":[{"embeddable":true,"href":"https:\/\/murter-online.com\/hr\/wp-json\/wp\/v2\/media\/30309"}],"wp:attachment":[{"href":"https:\/\/murter-online.com\/hr\/wp-json\/wp\/v2\/media?parent=52225"}],"wp:term":[{"taxonomy":"product_brand","embeddable":true,"href":"https:\/\/murter-online.com\/hr\/wp-json\/wp\/v2\/product_brand?post=52225"},{"taxonomy":"product_cat","embeddable":true,"href":"https:\/\/murter-online.com\/hr\/wp-json\/wp\/v2\/product_cat?post=52225"},{"taxonomy":"product_tag","embeddable":true,"href":"https:\/\/murter-online.com\/hr\/wp-json\/wp\/v2\/product_tag?post=52225"}],"curies":[{"name":"wp","href":"https:\/\/api.w.org\/{rel}","templated":true}]}}