{"id":52242,"date":"2025-01-06T09:37:21","date_gmt":"2025-01-06T09:37:21","guid":{"rendered":"https:\/\/murter.riot.hr\/?post_type=product&#038;p=52242"},"modified":"2025-04-17T09:56:03","modified_gmt":"2025-04-17T08:56:03","slug":"apartman-podraduc-seaside-pearl-a21-id-80","status":"publish","type":"product","link":"https:\/\/murter-online.com\/hr\/proizvod\/apartman-podraduc-seaside-pearl-a21-id-80\/","title":{"rendered":"Apartman sa pogledom na more Podradu\u010d Seaside Pearl Murter A2+1 ID 80"},"content":{"rendered":"","protected":false},"excerpt":{"rendered":"<p>Apartman Seaside Pearl A2 + 1 ID 80 nalazi se u blizini pla\u017ea Slanica i \u010cigra\u0111a. Nudi smje\u0161taj s besplatnim be\u017ei\u010dnim pristupom internetu i besplatnim privatnim parkirali\u0161tem. Apartman \u0107e dobiti klima-ure\u0111aj, TV ravnog ekrana sa satelitskim kanalima i vlastitu kupaonicu sa su\u0161ilom za kosu. Tu je i potpuno opremljena kuhinja s mikrovalnom pe\u0107nicom, hladnjakom, \u0161tednjakom, elektri\u010dnim kuhalom, aparatom za kavu i blagovaonicom.<\/p>\n","protected":false},"featured_media":30485,"template":"","meta":{"_acf_changed":false},"product_brand":[],"product_cat":[129,133,135],"product_tag":[],"class_list":{"0":"post-52242","1":"product","2":"type-product","3":"status-publish","4":"has-post-thumbnail","6":"product_cat-apartmani","7":"product_cat-apartmani-s-pogledom-na-more","8":"product_cat-obiteljski-apartmani","10":"first","11":"instock","12":"sold-individually","13":"shipping-taxable","14":"purchasable","15":"product-type-phive_booking"},"acf":[],"_links":{"self":[{"href":"https:\/\/murter-online.com\/hr\/wp-json\/wp\/v2\/product\/52242","targetHints":{"allow":["GET"]}}],"collection":[{"href":"https:\/\/murter-online.com\/hr\/wp-json\/wp\/v2\/product"}],"about":[{"href":"https:\/\/murter-online.com\/hr\/wp-json\/wp\/v2\/types\/product"}],"wp:featuredmedia":[{"embeddable":true,"href":"https:\/\/murter-online.com\/hr\/wp-json\/wp\/v2\/media\/30485"}],"wp:attachment":[{"href":"https:\/\/murter-online.com\/hr\/wp-json\/wp\/v2\/media?parent=52242"}],"wp:term":[{"taxonomy":"product_brand","embeddable":true,"href":"https:\/\/murter-online.com\/hr\/wp-json\/wp\/v2\/product_brand?post=52242"},{"taxonomy":"product_cat","embeddable":true,"href":"https:\/\/murter-online.com\/hr\/wp-json\/wp\/v2\/product_cat?post=52242"},{"taxonomy":"product_tag","embeddable":true,"href":"https:\/\/murter-online.com\/hr\/wp-json\/wp\/v2\/product_tag?post=52242"}],"curies":[{"name":"wp","href":"https:\/\/api.w.org\/{rel}","templated":true}]}}