{"id":52248,"date":"2025-01-06T11:18:26","date_gmt":"2025-01-06T11:18:26","guid":{"rendered":"https:\/\/murter.riot.hr\/?post_type=product&#038;p=52248"},"modified":"2025-05-01T19:27:35","modified_gmt":"2025-05-01T18:27:35","slug":"apartman-podvrske-murter-jersani-a22","status":"publish","type":"product","link":"https:\/\/murter-online.com\/hr\/proizvod\/apartman-podvrske-murter-jersani-a22\/","title":{"rendered":"Obiteljski apartman sa vezom za brod Podvr\u0161ke Murter Jersani A2+2"},"content":{"rendered":"","protected":false},"excerpt":{"rendered":"<p>Apartman ima povr\u0161inu od 40 m2. Ima spava\u0107u sobu u kojoj mogu spavati 2 odrasle osobe. Ima dnevni boravak sa pomo\u0107nim le\u017eajem koji se mo\u017ee koristiti za spavanje. Ima kupaonicu sa tu\u0161-kadom. Povr\u0161ina Balkon\/terase je 10 m2. Apartman se nalazi na drugom katu ku\u0107e. Apartman je opremljen sa tv-om, klimom, besplatnim wifi internet priklju\u010dkom. Parking je osiguran i uklju\u010den u cijenu. Apartman ima vez za \u010damac &#8211; koji mo\u017ee biti dodatno napla\u0107en. Postoji vanjski ro\u0161tilj koji se mo\u017ee koristiti. Apartman je oko 700 m. udaljen od centra mjesta a 100 m. od mora ili prve pla\u017ee u mjestu Murter. Ku\u0107ni ljubimci su dozvoljeni uz dodatnu naknadu.Gradska pla\u017ea &#8220;Luke&#8221; udaljena je samo 5 minuta hoda. Supermarket udaljen je samo 6 minuta hoda. Prekrasna pla\u017ea &#8220;Podvr\u0161ci&#8221; udaljena je svega 9 minuta hoda. Pje\u0161\u010dana pla\u017ea &#8220;Slanica&#8221; udaljena je 14 minuta hoda. Centar mjesta udaljen je 8 minuta hoda.<\/p>\n","protected":false},"featured_media":30545,"template":"","meta":{"_acf_changed":false},"product_brand":[],"product_cat":[129,135],"product_tag":[],"class_list":{"0":"post-52248","1":"product","2":"type-product","3":"status-publish","4":"has-post-thumbnail","6":"product_cat-apartmani","7":"product_cat-obiteljski-apartmani","9":"first","10":"instock","11":"sold-individually","12":"shipping-taxable","13":"purchasable","14":"product-type-phive_booking"},"acf":[],"_links":{"self":[{"href":"https:\/\/murter-online.com\/hr\/wp-json\/wp\/v2\/product\/52248","targetHints":{"allow":["GET"]}}],"collection":[{"href":"https:\/\/murter-online.com\/hr\/wp-json\/wp\/v2\/product"}],"about":[{"href":"https:\/\/murter-online.com\/hr\/wp-json\/wp\/v2\/types\/product"}],"wp:featuredmedia":[{"embeddable":true,"href":"https:\/\/murter-online.com\/hr\/wp-json\/wp\/v2\/media\/30545"}],"wp:attachment":[{"href":"https:\/\/murter-online.com\/hr\/wp-json\/wp\/v2\/media?parent=52248"}],"wp:term":[{"taxonomy":"product_brand","embeddable":true,"href":"https:\/\/murter-online.com\/hr\/wp-json\/wp\/v2\/product_brand?post=52248"},{"taxonomy":"product_cat","embeddable":true,"href":"https:\/\/murter-online.com\/hr\/wp-json\/wp\/v2\/product_cat?post=52248"},{"taxonomy":"product_tag","embeddable":true,"href":"https:\/\/murter-online.com\/hr\/wp-json\/wp\/v2\/product_tag?post=52248"}],"curies":[{"name":"wp","href":"https:\/\/api.w.org\/{rel}","templated":true}]}}