{"id":52255,"date":"2025-01-05T13:37:22","date_gmt":"2025-01-05T12:37:22","guid":{"rendered":"https:\/\/murter.riot.hr\/?post_type=product&#038;p=52255"},"modified":"2025-04-23T10:24:45","modified_gmt":"2025-04-23T09:24:45","slug":"apartman-summer-holidays-in-murter-a2-id-223","status":"publish","type":"product","link":"https:\/\/murter-online.com\/hr\/proizvod\/apartman-summer-holidays-in-murter-a2-id-223\/","title":{"rendered":"Apartman za 2 osobe Summer Holidays in Murter A2 ID 223"},"content":{"rendered":"","protected":false},"excerpt":{"rendered":"<p>Apartman sa panoramskim pogledom na more u Murteru. Apartman ima jednu spava\u0107u sobu u kojoj mogu spavati dvije osobe. Kuhinja je potpuno opremljena. Za goste apartmana osiguran je besplatan parking u dvori\u0161tu. Postoji vanjski ro\u0161tilj koji se mo\u017ee koristiti. Apartman se nalazi na odli\u010dnoj poziciji. Gradska pla\u017ea Luke , pje\u0161\u010dana pla\u017ea Slanica i centar mjesta nalaze se na pje\u0161a\u010dkoj udaljenosti.<\/p>\n","protected":false},"featured_media":26349,"template":"","meta":{"_acf_changed":false},"product_brand":[],"product_cat":[137],"product_tag":[],"class_list":{"0":"post-52255","1":"product","2":"type-product","3":"status-publish","4":"has-post-thumbnail","6":"product_cat-studio-apartmani","8":"first","9":"instock","10":"sold-individually","11":"shipping-taxable","12":"purchasable","13":"product-type-phive_booking"},"acf":[],"_links":{"self":[{"href":"https:\/\/murter-online.com\/hr\/wp-json\/wp\/v2\/product\/52255","targetHints":{"allow":["GET"]}}],"collection":[{"href":"https:\/\/murter-online.com\/hr\/wp-json\/wp\/v2\/product"}],"about":[{"href":"https:\/\/murter-online.com\/hr\/wp-json\/wp\/v2\/types\/product"}],"wp:featuredmedia":[{"embeddable":true,"href":"https:\/\/murter-online.com\/hr\/wp-json\/wp\/v2\/media\/26349"}],"wp:attachment":[{"href":"https:\/\/murter-online.com\/hr\/wp-json\/wp\/v2\/media?parent=52255"}],"wp:term":[{"taxonomy":"product_brand","embeddable":true,"href":"https:\/\/murter-online.com\/hr\/wp-json\/wp\/v2\/product_brand?post=52255"},{"taxonomy":"product_cat","embeddable":true,"href":"https:\/\/murter-online.com\/hr\/wp-json\/wp\/v2\/product_cat?post=52255"},{"taxonomy":"product_tag","embeddable":true,"href":"https:\/\/murter-online.com\/hr\/wp-json\/wp\/v2\/product_tag?post=52255"}],"curies":[{"name":"wp","href":"https:\/\/api.w.org\/{rel}","templated":true}]}}