{"id":52260,"date":"2025-01-05T13:34:15","date_gmt":"2025-01-05T12:34:15","guid":{"rendered":"https:\/\/murter.riot.hr\/?post_type=product&#038;p=52260"},"modified":"2025-04-23T10:15:26","modified_gmt":"2025-04-23T09:15:26","slug":"apartman-silver-a2-id-87","status":"publish","type":"product","link":"https:\/\/murter-online.com\/hr\/proizvod\/apartman-silver-a2-id-87\/","title":{"rendered":"Apartman za 2 osobe blizu pla\u017ee Zdra\u010de Silver Murter A2 ID 87"},"content":{"rendered":"","protected":false},"excerpt":{"rendered":"<p>Apartman se nalazi u blizini marine Murter &#8211; Hramine. U blizini apartmana nalazi se sredi\u0161te Murtera, udaljeno samo nekoliko minuta hoda. Prva pla\u017ea udaljena je samo 180m (gradska pla\u017ea). U blizini apartmana nalazi se benzinska pumpa, supermarket, restorani i kafi\u0107i. Apartman ima balkon i pogled na more. Apartman je opremljen klima ure\u0111ajem, WiFi-om i satelitskom TV. Posteljina, ru\u010dnici i zavr\u0161no \u010di\u0161\u0107enje uklju\u010deni su u cijenu.<\/p>\n","protected":false},"featured_media":26249,"template":"","meta":{"_acf_changed":false},"product_brand":[],"product_cat":[137],"product_tag":[],"class_list":{"0":"post-52260","1":"product","2":"type-product","3":"status-publish","4":"has-post-thumbnail","6":"product_cat-studio-apartmani","8":"first","9":"instock","10":"sold-individually","11":"shipping-taxable","12":"purchasable","13":"product-type-phive_booking"},"acf":[],"_links":{"self":[{"href":"https:\/\/murter-online.com\/hr\/wp-json\/wp\/v2\/product\/52260","targetHints":{"allow":["GET"]}}],"collection":[{"href":"https:\/\/murter-online.com\/hr\/wp-json\/wp\/v2\/product"}],"about":[{"href":"https:\/\/murter-online.com\/hr\/wp-json\/wp\/v2\/types\/product"}],"wp:featuredmedia":[{"embeddable":true,"href":"https:\/\/murter-online.com\/hr\/wp-json\/wp\/v2\/media\/26249"}],"wp:attachment":[{"href":"https:\/\/murter-online.com\/hr\/wp-json\/wp\/v2\/media?parent=52260"}],"wp:term":[{"taxonomy":"product_brand","embeddable":true,"href":"https:\/\/murter-online.com\/hr\/wp-json\/wp\/v2\/product_brand?post=52260"},{"taxonomy":"product_cat","embeddable":true,"href":"https:\/\/murter-online.com\/hr\/wp-json\/wp\/v2\/product_cat?post=52260"},{"taxonomy":"product_tag","embeddable":true,"href":"https:\/\/murter-online.com\/hr\/wp-json\/wp\/v2\/product_tag?post=52260"}],"curies":[{"name":"wp","href":"https:\/\/api.w.org\/{rel}","templated":true}]}}