{"id":52266,"date":"2025-01-05T13:08:16","date_gmt":"2025-01-05T13:08:16","guid":{"rendered":"https:\/\/murter.riot.hr\/?post_type=product&#038;p=52266"},"modified":"2025-04-21T10:20:45","modified_gmt":"2025-04-21T09:20:45","slug":"apartman-podraduc-murter-a21-id-295","status":"publish","type":"product","link":"https:\/\/murter-online.com\/hr\/proizvod\/apartman-podraduc-murter-a21-id-295\/","title":{"rendered":"Apartman uz more Podradu\u010d Murter A2+1 ID 295"},"content":{"rendered":"","protected":false},"excerpt":{"rendered":"<p>Apartman sa prekrasnim pogledom na more se nalazi na izvrsnoj lokaciji samo 20 metara udaljen od mora. Apartman ima povr\u0161inu od 30 m2. U studio apartmanu mogu spavati 2 odrasle osobe. Ima dnevni boravak. Ima pomo\u0107ni le\u017eaj za jednu osobu. Ima kupaonicu sa tu\u0161-kadom. Povr\u0161ina Balkon\/terase je 10 m2. Apartman se nalazi na drugom katu ku\u0107e. Apartman je opremljen sa tv-om, klimom, satelitskim prijemnikom, besplatnim wifi internet priklju\u010dkom. Parking je osiguran i uklju\u010den u cijenu. Postoji vanjski ro\u0161tilj koji se mo\u017ee koristiti. Apartman je oko 1000 m. udaljen od centra mjesta a 20 m. od mora ili prve pla\u017ee u mjestu Murter. Ku\u0107ni ljubimci na upit. Apartman se nalazi na izvanrednoj lokaciji u zoni&#8221;Pod Radu\u010d&#8221;.Sa terase prostire se predivan pogled na Kornate.Pje\u0161\u010dana pla\u017ea&#8221;Slanica&#8221; udaljena je svega 5 minuta hoda. Druga najljep\u0161a pje\u0161\u010dana pla\u017ea &#8220;Podvr\u0161ci&#8221; udaljena je samo 15 minuta hoda. Trgovina se nalazi 6 minuta hoda od apartmana. Centar mjesta udaljen je 20 minuta hoda.<\/p>\n","protected":false},"featured_media":26065,"template":"","meta":{"_acf_changed":false},"product_brand":[],"product_cat":[137],"product_tag":[],"class_list":{"0":"post-52266","1":"product","2":"type-product","3":"status-publish","4":"has-post-thumbnail","6":"product_cat-studio-apartmani","8":"first","9":"instock","10":"sold-individually","11":"shipping-taxable","12":"purchasable","13":"product-type-phive_booking"},"acf":[],"_links":{"self":[{"href":"https:\/\/murter-online.com\/hr\/wp-json\/wp\/v2\/product\/52266","targetHints":{"allow":["GET"]}}],"collection":[{"href":"https:\/\/murter-online.com\/hr\/wp-json\/wp\/v2\/product"}],"about":[{"href":"https:\/\/murter-online.com\/hr\/wp-json\/wp\/v2\/types\/product"}],"wp:featuredmedia":[{"embeddable":true,"href":"https:\/\/murter-online.com\/hr\/wp-json\/wp\/v2\/media\/26065"}],"wp:attachment":[{"href":"https:\/\/murter-online.com\/hr\/wp-json\/wp\/v2\/media?parent=52266"}],"wp:term":[{"taxonomy":"product_brand","embeddable":true,"href":"https:\/\/murter-online.com\/hr\/wp-json\/wp\/v2\/product_brand?post=52266"},{"taxonomy":"product_cat","embeddable":true,"href":"https:\/\/murter-online.com\/hr\/wp-json\/wp\/v2\/product_cat?post=52266"},{"taxonomy":"product_tag","embeddable":true,"href":"https:\/\/murter-online.com\/hr\/wp-json\/wp\/v2\/product_tag?post=52266"}],"curies":[{"name":"wp","href":"https:\/\/api.w.org\/{rel}","templated":true}]}}