{"id":52284,"date":"2025-01-05T13:00:02","date_gmt":"2025-01-05T12:00:02","guid":{"rendered":"https:\/\/murter.riot.hr\/?post_type=product&#038;p=52284"},"modified":"2025-04-21T09:35:54","modified_gmt":"2025-04-21T08:35:54","slug":"apartman-podraduc-murter-a2-id-283","status":"publish","type":"product","link":"https:\/\/murter-online.com\/hr\/proizvod\/apartman-podraduc-murter-a2-id-283\/","title":{"rendered":"Apartman za 2 osobe &#8211; studio Podradu\u010d Murter A2 ID 283"},"content":{"rendered":"","protected":false},"excerpt":{"rendered":"<p>Studio apartman u ulici Podradu\u010d udaljen je 70 metara od mora. Apartman se nalazi u prizemlju. Apartman ima jednu sobu u kojoj mogu spavati 2 odrasle osobe. Apartman ima klimu, apartman za kavu, zamrziva\u010d, Wi-Fi internet. Apartman nema direktan izlaz na terasu ali ima terasu sa pogledom na more kojom se mo\u017ee koristiti. Ispred apartmana nalazi se ro\u0161tilj koji se mo\u017ee besplatno koristiti. Parking za automobil nalazi se ispred apartmana i uklju\u010den je u cijenu apartmana. Ispred apartmana nalazi se prostor sa le\u017ealjkama u hladu ispred pla\u017ee koji se mo\u017ee besplatno koristiti.<\/p>\n","protected":false},"featured_media":25805,"template":"","meta":{"_acf_changed":false},"product_brand":[],"product_cat":[137],"product_tag":[],"class_list":{"0":"post-52284","1":"product","2":"type-product","3":"status-publish","4":"has-post-thumbnail","6":"product_cat-studio-apartmani","8":"first","9":"instock","10":"sold-individually","11":"shipping-taxable","12":"purchasable","13":"product-type-phive_booking"},"acf":[],"_links":{"self":[{"href":"https:\/\/murter-online.com\/hr\/wp-json\/wp\/v2\/product\/52284","targetHints":{"allow":["GET"]}}],"collection":[{"href":"https:\/\/murter-online.com\/hr\/wp-json\/wp\/v2\/product"}],"about":[{"href":"https:\/\/murter-online.com\/hr\/wp-json\/wp\/v2\/types\/product"}],"wp:featuredmedia":[{"embeddable":true,"href":"https:\/\/murter-online.com\/hr\/wp-json\/wp\/v2\/media\/25805"}],"wp:attachment":[{"href":"https:\/\/murter-online.com\/hr\/wp-json\/wp\/v2\/media?parent=52284"}],"wp:term":[{"taxonomy":"product_brand","embeddable":true,"href":"https:\/\/murter-online.com\/hr\/wp-json\/wp\/v2\/product_brand?post=52284"},{"taxonomy":"product_cat","embeddable":true,"href":"https:\/\/murter-online.com\/hr\/wp-json\/wp\/v2\/product_cat?post=52284"},{"taxonomy":"product_tag","embeddable":true,"href":"https:\/\/murter-online.com\/hr\/wp-json\/wp\/v2\/product_tag?post=52284"}],"curies":[{"name":"wp","href":"https:\/\/api.w.org\/{rel}","templated":true}]}}