{"id":52295,"date":"2025-01-05T12:52:58","date_gmt":"2025-01-05T12:52:58","guid":{"rendered":"https:\/\/murter.riot.hr\/?post_type=product&#038;p=52295"},"modified":"2025-01-26T08:44:37","modified_gmt":"2025-01-26T08:44:37","slug":"apartman-mir-murter-a6-id-308","status":"publish","type":"product","link":"https:\/\/murter-online.com\/hr\/proizvod\/apartman-mir-murter-a6-id-308\/","title":{"rendered":"Apartman na pla\u017ei sa vezom za brod ID 304"},"content":{"rendered":"","protected":false},"excerpt":{"rendered":"<p>Studio apartman za dvije osobe u neposrednoj blizini lokle pla\u017ee Luke. Novoure\u0111eni apartman sa pogledom na more. Apartman ima bra\u010dni le\u017eaj na kojem mogu spavati dvije osobe. Apartman ima klimu, WiFi internet, mikrovalnu, hladnjak, kuhalo na struju. Kuhinja je potpuno opremljena. Ispred apartmana je terasa sa vrtnim namje\u0161tajem i pogledom na more. Parking za auto je nalazi se ispred apartmana i uklju\u010den je u cijenu apartmana. Postoji mogu\u0107nost veza za brod uz dodatno pla\u0107anje.<\/p>\n","protected":false},"featured_media":25733,"template":"","meta":{"_acf_changed":false},"product_brand":[],"product_cat":[137],"product_tag":[],"class_list":{"0":"post-52295","1":"product","2":"type-product","3":"status-publish","4":"has-post-thumbnail","6":"product_cat-studio-apartmani","8":"first","9":"instock","10":"sold-individually","11":"shipping-taxable","12":"purchasable","13":"product-type-phive_booking"},"acf":[],"_links":{"self":[{"href":"https:\/\/murter-online.com\/hr\/wp-json\/wp\/v2\/product\/52295","targetHints":{"allow":["GET"]}}],"collection":[{"href":"https:\/\/murter-online.com\/hr\/wp-json\/wp\/v2\/product"}],"about":[{"href":"https:\/\/murter-online.com\/hr\/wp-json\/wp\/v2\/types\/product"}],"wp:featuredmedia":[{"embeddable":true,"href":"https:\/\/murter-online.com\/hr\/wp-json\/wp\/v2\/media\/25733"}],"wp:attachment":[{"href":"https:\/\/murter-online.com\/hr\/wp-json\/wp\/v2\/media?parent=52295"}],"wp:term":[{"taxonomy":"product_brand","embeddable":true,"href":"https:\/\/murter-online.com\/hr\/wp-json\/wp\/v2\/product_brand?post=52295"},{"taxonomy":"product_cat","embeddable":true,"href":"https:\/\/murter-online.com\/hr\/wp-json\/wp\/v2\/product_cat?post=52295"},{"taxonomy":"product_tag","embeddable":true,"href":"https:\/\/murter-online.com\/hr\/wp-json\/wp\/v2\/product_tag?post=52295"}],"curies":[{"name":"wp","href":"https:\/\/api.w.org\/{rel}","templated":true}]}}