{"id":52301,"date":"2025-01-06T11:38:39","date_gmt":"2025-01-06T11:38:39","guid":{"rendered":"https:\/\/murter.riot.hr\/?post_type=product&#038;p=52301"},"modified":"2025-05-01T19:47:53","modified_gmt":"2025-05-01T18:47:53","slug":"apartman-sea-lagoon-a22-id-91","status":"publish","type":"product","link":"https:\/\/murter-online.com\/hr\/proizvod\/apartman-sea-lagoon-a22-id-91\/","title":{"rendered":"Obiteljski apartman Sea Lagoon Murter A2+2 ID 91"},"content":{"rendered":"","protected":false},"excerpt":{"rendered":"<p>Apartman se nalazi na izvrsnoj lokaciji samo 300 metara udaljen od mora. Apartman ima povr\u0161inu od 60 m2. Ima jednu spava\u0107u sobu u kojoj mogu spavati 2 odrasle osobe. Ima dnevni boravak, koji se mo\u017ee koristiti za spavanje &#8211; Ima pomo\u0107ni le\u017eaj za dvije osobe. Ima kupaonicu sa tu\u0161-kadom. Povr\u0161ina Balkon\/terase je 10 m2. Apartman se nalazi u prizemlju. Apartman je opremljen sa tv-om, klimom, pe\u0107nicom, besplatnim wifi internet priklju\u010dkom. Parking je osiguran i uklju\u010den u cijenu. Apartman je oko 800 m. udaljen od centra mjesta, a 300 m. od mora ili prve pla\u017ee u mjestu Murter. Ku\u0107ni ljubimci nisu dozvoljeni<\/p>\n","protected":false},"featured_media":30721,"template":"","meta":{"_acf_changed":false},"product_brand":[],"product_cat":[129,135],"product_tag":[],"class_list":{"0":"post-52301","1":"product","2":"type-product","3":"status-publish","4":"has-post-thumbnail","6":"product_cat-apartmani","7":"product_cat-obiteljski-apartmani","9":"first","10":"instock","11":"sold-individually","12":"shipping-taxable","13":"purchasable","14":"product-type-phive_booking"},"acf":[],"_links":{"self":[{"href":"https:\/\/murter-online.com\/hr\/wp-json\/wp\/v2\/product\/52301","targetHints":{"allow":["GET"]}}],"collection":[{"href":"https:\/\/murter-online.com\/hr\/wp-json\/wp\/v2\/product"}],"about":[{"href":"https:\/\/murter-online.com\/hr\/wp-json\/wp\/v2\/types\/product"}],"wp:featuredmedia":[{"embeddable":true,"href":"https:\/\/murter-online.com\/hr\/wp-json\/wp\/v2\/media\/30721"}],"wp:attachment":[{"href":"https:\/\/murter-online.com\/hr\/wp-json\/wp\/v2\/media?parent=52301"}],"wp:term":[{"taxonomy":"product_brand","embeddable":true,"href":"https:\/\/murter-online.com\/hr\/wp-json\/wp\/v2\/product_brand?post=52301"},{"taxonomy":"product_cat","embeddable":true,"href":"https:\/\/murter-online.com\/hr\/wp-json\/wp\/v2\/product_cat?post=52301"},{"taxonomy":"product_tag","embeddable":true,"href":"https:\/\/murter-online.com\/hr\/wp-json\/wp\/v2\/product_tag?post=52301"}],"curies":[{"name":"wp","href":"https:\/\/api.w.org\/{rel}","templated":true}]}}