{"id":52312,"date":"2025-01-06T11:59:49","date_gmt":"2025-01-06T11:59:49","guid":{"rendered":"https:\/\/murter.riot.hr\/?post_type=product&#038;p=52312"},"modified":"2025-01-26T09:13:29","modified_gmt":"2025-01-26T09:13:29","slug":"apartman-slanica-a22-id-276","status":"publish","type":"product","link":"https:\/\/murter-online.com\/hr\/proizvod\/apartman-slanica-a22-id-276\/","title":{"rendered":"Apartman Slanica A2+2 ID 276"},"content":{"rendered":"","protected":false},"excerpt":{"rendered":"<p>Apartman na po\u010detku pje\u0161a\u010dke zone do pje\u0161\u010dane pla\u017ee Slanica! Apartman ima jednu spava\u0107u sobu u kojoj mogu spavati 2 odrasle osobe. U dnevnom boravku apartmana nalazi se pomo\u0107ni le\u017eaj (kau\u010d) koji se mo\u017ee koristiti za spavanje. Apartman nema klimu. Apartman se nalazi na prvom katu ku\u0107e, do ulaza se dolazi unutarnjim stubi\u0161tem. Kuhinja je potpuno opremljena. Apartman ima WiFi internetu vezu i besplatno parkirali\u0161te za automobil u dvori\u0161tu ispred ku\u0107e. Od pje\u0161\u010dane pla\u017ee Slanica udaljen je 3-5 minuta laganog hoda.<\/p>\n","protected":false},"featured_media":30873,"template":"","meta":{"_acf_changed":false},"product_brand":[],"product_cat":[129,135],"product_tag":[],"class_list":{"0":"post-52312","1":"product","2":"type-product","3":"status-publish","4":"has-post-thumbnail","6":"product_cat-apartmani","7":"product_cat-obiteljski-apartmani","9":"first","10":"instock","11":"sold-individually","12":"shipping-taxable","13":"purchasable","14":"product-type-phive_booking"},"acf":[],"_links":{"self":[{"href":"https:\/\/murter-online.com\/hr\/wp-json\/wp\/v2\/product\/52312","targetHints":{"allow":["GET"]}}],"collection":[{"href":"https:\/\/murter-online.com\/hr\/wp-json\/wp\/v2\/product"}],"about":[{"href":"https:\/\/murter-online.com\/hr\/wp-json\/wp\/v2\/types\/product"}],"wp:featuredmedia":[{"embeddable":true,"href":"https:\/\/murter-online.com\/hr\/wp-json\/wp\/v2\/media\/30873"}],"wp:attachment":[{"href":"https:\/\/murter-online.com\/hr\/wp-json\/wp\/v2\/media?parent=52312"}],"wp:term":[{"taxonomy":"product_brand","embeddable":true,"href":"https:\/\/murter-online.com\/hr\/wp-json\/wp\/v2\/product_brand?post=52312"},{"taxonomy":"product_cat","embeddable":true,"href":"https:\/\/murter-online.com\/hr\/wp-json\/wp\/v2\/product_cat?post=52312"},{"taxonomy":"product_tag","embeddable":true,"href":"https:\/\/murter-online.com\/hr\/wp-json\/wp\/v2\/product_tag?post=52312"}],"curies":[{"name":"wp","href":"https:\/\/api.w.org\/{rel}","templated":true}]}}