{"id":52323,"date":"2025-01-05T12:43:57","date_gmt":"2025-01-05T12:43:57","guid":{"rendered":"https:\/\/murter.riot.hr\/?post_type=product&#038;p=52323"},"modified":"2025-01-26T09:48:51","modified_gmt":"2025-01-26T09:48:51","slug":"apartman-blizu-plaze-slanica-a21-studio-a3-id-254","status":"publish","type":"product","link":"https:\/\/murter-online.com\/hr\/proizvod\/apartman-blizu-plaze-slanica-a21-studio-a3-id-254\/","title":{"rendered":"Apartman blizu pla\u017ee Slanica A2+1 studio A3 ID 254"},"content":{"rendered":"","protected":false},"excerpt":{"rendered":"<p>Studio apartman za 3 osobe sa pogledom na more. Apartman je smje\u0161ten u blizini pje\u0161\u010dane pla\u017ee Slanica na mirnom i tihom mjestu. Apartman je potpuno opremljen. Parking za auto se nalazi ispred apartmana.<\/p>\n","protected":false},"featured_media":25633,"template":"","meta":{"_acf_changed":false},"product_brand":[],"product_cat":[137],"product_tag":[],"class_list":{"0":"post-52323","1":"product","2":"type-product","3":"status-publish","4":"has-post-thumbnail","6":"product_cat-studio-apartmani","8":"first","9":"instock","10":"sold-individually","11":"shipping-taxable","12":"purchasable","13":"product-type-phive_booking"},"acf":[],"_links":{"self":[{"href":"https:\/\/murter-online.com\/hr\/wp-json\/wp\/v2\/product\/52323","targetHints":{"allow":["GET"]}}],"collection":[{"href":"https:\/\/murter-online.com\/hr\/wp-json\/wp\/v2\/product"}],"about":[{"href":"https:\/\/murter-online.com\/hr\/wp-json\/wp\/v2\/types\/product"}],"wp:featuredmedia":[{"embeddable":true,"href":"https:\/\/murter-online.com\/hr\/wp-json\/wp\/v2\/media\/25633"}],"wp:attachment":[{"href":"https:\/\/murter-online.com\/hr\/wp-json\/wp\/v2\/media?parent=52323"}],"wp:term":[{"taxonomy":"product_brand","embeddable":true,"href":"https:\/\/murter-online.com\/hr\/wp-json\/wp\/v2\/product_brand?post=52323"},{"taxonomy":"product_cat","embeddable":true,"href":"https:\/\/murter-online.com\/hr\/wp-json\/wp\/v2\/product_cat?post=52323"},{"taxonomy":"product_tag","embeddable":true,"href":"https:\/\/murter-online.com\/hr\/wp-json\/wp\/v2\/product_tag?post=52323"}],"curies":[{"name":"wp","href":"https:\/\/api.w.org\/{rel}","templated":true}]}}