{"id":52333,"date":"2025-01-05T12:34:14","date_gmt":"2025-01-05T11:34:14","guid":{"rendered":"https:\/\/murter.riot.hr\/?post_type=product&#038;p=52333"},"modified":"2025-01-26T09:55:30","modified_gmt":"2025-01-26T09:55:30","slug":"apartman-blizu-plaze-slanica-a21-id-258","status":"publish","type":"product","link":"https:\/\/murter-online.com\/hr\/proizvod\/apartman-blizu-plaze-slanica-a21-id-258\/","title":{"rendered":"Apartman blizu pla\u017ee Slanica A2+1 ID 258"},"content":{"rendered":"","protected":false},"excerpt":{"rendered":"<p>Studio apartman za 3 osobe. Apartman je smje\u0161ten u blizini pje\u0161\u010dane pla\u017ee Slanica na mirnom i tihom mjestu. Apartman je potpuno opremljen. Parking za auto se nalazi ispred apartmana.<\/p>\n","protected":false},"featured_media":25449,"template":"","meta":{"_acf_changed":false},"product_brand":[],"product_cat":[137],"product_tag":[],"class_list":{"0":"post-52333","1":"product","2":"type-product","3":"status-publish","4":"has-post-thumbnail","6":"product_cat-studio-apartmani","8":"first","9":"instock","10":"sold-individually","11":"shipping-taxable","12":"purchasable","13":"product-type-phive_booking"},"acf":[],"_links":{"self":[{"href":"https:\/\/murter-online.com\/hr\/wp-json\/wp\/v2\/product\/52333","targetHints":{"allow":["GET"]}}],"collection":[{"href":"https:\/\/murter-online.com\/hr\/wp-json\/wp\/v2\/product"}],"about":[{"href":"https:\/\/murter-online.com\/hr\/wp-json\/wp\/v2\/types\/product"}],"wp:featuredmedia":[{"embeddable":true,"href":"https:\/\/murter-online.com\/hr\/wp-json\/wp\/v2\/media\/25449"}],"wp:attachment":[{"href":"https:\/\/murter-online.com\/hr\/wp-json\/wp\/v2\/media?parent=52333"}],"wp:term":[{"taxonomy":"product_brand","embeddable":true,"href":"https:\/\/murter-online.com\/hr\/wp-json\/wp\/v2\/product_brand?post=52333"},{"taxonomy":"product_cat","embeddable":true,"href":"https:\/\/murter-online.com\/hr\/wp-json\/wp\/v2\/product_cat?post=52333"},{"taxonomy":"product_tag","embeddable":true,"href":"https:\/\/murter-online.com\/hr\/wp-json\/wp\/v2\/product_tag?post=52333"}],"curies":[{"name":"wp","href":"https:\/\/api.w.org\/{rel}","templated":true}]}}