{"id":52334,"date":"2025-01-06T12:20:19","date_gmt":"2025-01-06T12:20:19","guid":{"rendered":"https:\/\/murter.riot.hr\/?post_type=product&#038;p=52334"},"modified":"2025-04-06T15:58:12","modified_gmt":"2025-04-06T14:58:12","slug":"apartman-plaza-slanica-family-place-a21-id-216","status":"publish","type":"product","link":"https:\/\/murter-online.com\/hr\/proizvod\/apartman-plaza-slanica-family-place-a21-id-216\/","title":{"rendered":"Obiteljski apartman blizu pla\u017ee Slanica Murter A2+1 ID 216"},"content":{"rendered":"","protected":false},"excerpt":{"rendered":"<p>Apartman se nalazi na odli\u010dnoj lokaciji samo 250 metara udaljen od mora. Apartman ima povr\u0161inu od 50 m2. Ima spava\u0107u sobu u kojoj mogu spavati 2 odrasle osobe. Ima dnevni boravak. Ima kupaonicu sa tu\u0161-kadom. Povr\u0161ina Balkon\/terase je 10 m2. Apartman se nalazi u na prvom katu. Apartman je opremljen sa tv-om, klimom, pe\u0107nicom, besplatnim Wifi internet priklju\u010dkom. Parking je osiguran i uklju\u010den u cijenu. Ku\u0107ni ljubimci na upit.<\/p>\n","protected":false},"featured_media":31117,"template":"","meta":{"_acf_changed":false},"product_brand":[],"product_cat":[129,133,135],"product_tag":[],"class_list":{"0":"post-52334","1":"product","2":"type-product","3":"status-publish","4":"has-post-thumbnail","6":"product_cat-apartmani","7":"product_cat-apartmani-s-pogledom-na-more","8":"product_cat-obiteljski-apartmani","10":"first","11":"instock","12":"sold-individually","13":"shipping-taxable","14":"purchasable","15":"product-type-phive_booking"},"acf":[],"_links":{"self":[{"href":"https:\/\/murter-online.com\/hr\/wp-json\/wp\/v2\/product\/52334","targetHints":{"allow":["GET"]}}],"collection":[{"href":"https:\/\/murter-online.com\/hr\/wp-json\/wp\/v2\/product"}],"about":[{"href":"https:\/\/murter-online.com\/hr\/wp-json\/wp\/v2\/types\/product"}],"wp:featuredmedia":[{"embeddable":true,"href":"https:\/\/murter-online.com\/hr\/wp-json\/wp\/v2\/media\/31117"}],"wp:attachment":[{"href":"https:\/\/murter-online.com\/hr\/wp-json\/wp\/v2\/media?parent=52334"}],"wp:term":[{"taxonomy":"product_brand","embeddable":true,"href":"https:\/\/murter-online.com\/hr\/wp-json\/wp\/v2\/product_brand?post=52334"},{"taxonomy":"product_cat","embeddable":true,"href":"https:\/\/murter-online.com\/hr\/wp-json\/wp\/v2\/product_cat?post=52334"},{"taxonomy":"product_tag","embeddable":true,"href":"https:\/\/murter-online.com\/hr\/wp-json\/wp\/v2\/product_tag?post=52334"}],"curies":[{"name":"wp","href":"https:\/\/api.w.org\/{rel}","templated":true}]}}