{"id":52338,"date":"2025-01-05T12:30:52","date_gmt":"2025-01-05T12:30:52","guid":{"rendered":"https:\/\/murter.riot.hr\/?post_type=product&#038;p=52338"},"modified":"2025-04-21T10:54:45","modified_gmt":"2025-04-21T09:54:45","slug":"apartman-murter-luke-front-beach-a2-id-163","status":"publish","type":"product","link":"https:\/\/murter-online.com\/hr\/proizvod\/apartman-murter-luke-front-beach-a2-id-163\/","title":{"rendered":"Apartman na pla\u017ei Luke &#8211; studio Front Beach Murter A2 ID 163"},"content":{"rendered":"","protected":false},"excerpt":{"rendered":"<p>Apartman sa prekrasnim pogledom na more se nalazi na izvrsnoj lokaciji samo 50 metara udaljen od mora. Apartman ima povr\u0161inu od 30 m2. U studio apartmanu mogu spavati 2 odrasle osobe. Postoji pomo\u0107ni le\u017eaj za jednu osobu koji se mo\u017ee koristiti. Ima kupaonicu sa tu\u0161 kadom. Povr\u0161ina Balkon\/terase je 5 m2. Apartman se nalazi na prvom katu ku\u0107e. Apartman je opremljen sa tv-om, klimom, pe\u0107nicom, besplatnim wifi internet priklju\u010dkom. Parking je osiguran i uklju\u010den u cijenu. Ku\u0107ni ljubimci na upit.<\/p>\n","protected":false},"featured_media":25369,"template":"","meta":{"_acf_changed":false},"product_brand":[],"product_cat":[137],"product_tag":[],"class_list":{"0":"post-52338","1":"product","2":"type-product","3":"status-publish","4":"has-post-thumbnail","6":"product_cat-studio-apartmani","8":"first","9":"instock","10":"sold-individually","11":"shipping-taxable","12":"purchasable","13":"product-type-phive_booking"},"acf":[],"_links":{"self":[{"href":"https:\/\/murter-online.com\/hr\/wp-json\/wp\/v2\/product\/52338","targetHints":{"allow":["GET"]}}],"collection":[{"href":"https:\/\/murter-online.com\/hr\/wp-json\/wp\/v2\/product"}],"about":[{"href":"https:\/\/murter-online.com\/hr\/wp-json\/wp\/v2\/types\/product"}],"wp:featuredmedia":[{"embeddable":true,"href":"https:\/\/murter-online.com\/hr\/wp-json\/wp\/v2\/media\/25369"}],"wp:attachment":[{"href":"https:\/\/murter-online.com\/hr\/wp-json\/wp\/v2\/media?parent=52338"}],"wp:term":[{"taxonomy":"product_brand","embeddable":true,"href":"https:\/\/murter-online.com\/hr\/wp-json\/wp\/v2\/product_brand?post=52338"},{"taxonomy":"product_cat","embeddable":true,"href":"https:\/\/murter-online.com\/hr\/wp-json\/wp\/v2\/product_cat?post=52338"},{"taxonomy":"product_tag","embeddable":true,"href":"https:\/\/murter-online.com\/hr\/wp-json\/wp\/v2\/product_tag?post=52338"}],"curies":[{"name":"wp","href":"https:\/\/api.w.org\/{rel}","templated":true}]}}