{"id":52349,"date":"2025-01-05T12:25:04","date_gmt":"2025-01-05T11:25:04","guid":{"rendered":"https:\/\/murter.riot.hr\/?post_type=product&#038;p=52349"},"modified":"2025-04-21T10:39:10","modified_gmt":"2025-04-21T09:39:10","slug":"apartman-murter-budget-a2-id-212","status":"publish","type":"product","link":"https:\/\/murter-online.com\/hr\/proizvod\/apartman-murter-budget-a2-id-212\/","title":{"rendered":"Studio apartman Budget Murter A2 ID 212"},"content":{"rendered":"","protected":false},"excerpt":{"rendered":"<p>Studio apartman u mjestu Murter! Apartman se nalazi izme\u0111u lokalne pla\u017ee Luke i pje\u0161\u010dane pla\u017ee Slanica, max.10 minuta pje\u0161ice do centra Murtera. Apartman ima krevet na kat, klimu, vlastitu kupaonicu i malu kuhinju. Parking je osiguran i besplatan.<\/p>\n","protected":false},"featured_media":25293,"template":"","meta":{"_acf_changed":false},"product_brand":[],"product_cat":[137],"product_tag":[],"class_list":{"0":"post-52349","1":"product","2":"type-product","3":"status-publish","4":"has-post-thumbnail","6":"product_cat-studio-apartmani","8":"first","9":"instock","10":"sold-individually","11":"shipping-taxable","12":"purchasable","13":"product-type-phive_booking"},"acf":[],"_links":{"self":[{"href":"https:\/\/murter-online.com\/hr\/wp-json\/wp\/v2\/product\/52349","targetHints":{"allow":["GET"]}}],"collection":[{"href":"https:\/\/murter-online.com\/hr\/wp-json\/wp\/v2\/product"}],"about":[{"href":"https:\/\/murter-online.com\/hr\/wp-json\/wp\/v2\/types\/product"}],"wp:featuredmedia":[{"embeddable":true,"href":"https:\/\/murter-online.com\/hr\/wp-json\/wp\/v2\/media\/25293"}],"wp:attachment":[{"href":"https:\/\/murter-online.com\/hr\/wp-json\/wp\/v2\/media?parent=52349"}],"wp:term":[{"taxonomy":"product_brand","embeddable":true,"href":"https:\/\/murter-online.com\/hr\/wp-json\/wp\/v2\/product_brand?post=52349"},{"taxonomy":"product_cat","embeddable":true,"href":"https:\/\/murter-online.com\/hr\/wp-json\/wp\/v2\/product_cat?post=52349"},{"taxonomy":"product_tag","embeddable":true,"href":"https:\/\/murter-online.com\/hr\/wp-json\/wp\/v2\/product_tag?post=52349"}],"curies":[{"name":"wp","href":"https:\/\/api.w.org\/{rel}","templated":true}]}}