{"id":52362,"date":"2025-01-06T12:50:10","date_gmt":"2025-01-06T12:50:10","guid":{"rendered":"https:\/\/murter.riot.hr\/?post_type=product&#038;p=52362"},"modified":"2025-04-18T08:47:34","modified_gmt":"2025-04-18T07:47:34","slug":"apartman-slanica-beach-view-a22-id-93","status":"publish","type":"product","link":"https:\/\/murter-online.com\/hr\/proizvod\/apartman-slanica-beach-view-a22-id-93\/","title":{"rendered":"Apartman sa pogledom na pla\u017eu Slanica u Murteru  A2+2 ID 93"},"content":{"rendered":"","protected":false},"excerpt":{"rendered":"<p>Apartman se nalazi na 2. katu ku\u0107e pa s balkona mo\u017eete u\u017eivati u predivnom pogledu na pla\u017eu Slanicu. Apartman je opremljen klimom, SAT tv-om i besplatnim WiFi-em. Nalazi se na odli\u010dnoj lokaciji, udaljen samo 150m od pla\u017ee Slanice na kojoj se nalaze beach barovi, fast food, restoran i trgovina. Apartman je od centra udaljen 20 minuta hoda.<\/p>\n","protected":false},"featured_media":31309,"template":"","meta":{"_acf_changed":false},"product_brand":[],"product_cat":[129,133,135],"product_tag":[],"class_list":{"0":"post-52362","1":"product","2":"type-product","3":"status-publish","4":"has-post-thumbnail","6":"product_cat-apartmani","7":"product_cat-apartmani-s-pogledom-na-more","8":"product_cat-obiteljski-apartmani","10":"first","11":"instock","12":"sold-individually","13":"shipping-taxable","14":"purchasable","15":"product-type-phive_booking"},"acf":[],"_links":{"self":[{"href":"https:\/\/murter-online.com\/hr\/wp-json\/wp\/v2\/product\/52362","targetHints":{"allow":["GET"]}}],"collection":[{"href":"https:\/\/murter-online.com\/hr\/wp-json\/wp\/v2\/product"}],"about":[{"href":"https:\/\/murter-online.com\/hr\/wp-json\/wp\/v2\/types\/product"}],"wp:featuredmedia":[{"embeddable":true,"href":"https:\/\/murter-online.com\/hr\/wp-json\/wp\/v2\/media\/31309"}],"wp:attachment":[{"href":"https:\/\/murter-online.com\/hr\/wp-json\/wp\/v2\/media?parent=52362"}],"wp:term":[{"taxonomy":"product_brand","embeddable":true,"href":"https:\/\/murter-online.com\/hr\/wp-json\/wp\/v2\/product_brand?post=52362"},{"taxonomy":"product_cat","embeddable":true,"href":"https:\/\/murter-online.com\/hr\/wp-json\/wp\/v2\/product_cat?post=52362"},{"taxonomy":"product_tag","embeddable":true,"href":"https:\/\/murter-online.com\/hr\/wp-json\/wp\/v2\/product_tag?post=52362"}],"curies":[{"name":"wp","href":"https:\/\/api.w.org\/{rel}","templated":true}]}}