{"id":52374,"date":"2025-01-05T12:11:08","date_gmt":"2025-01-05T11:11:08","guid":{"rendered":"https:\/\/murter.riot.hr\/?post_type=product&#038;p=52374"},"modified":"2025-04-21T07:35:02","modified_gmt":"2025-04-21T06:35:02","slug":"apartman-lila-a2-id-89","status":"publish","type":"product","link":"https:\/\/murter-online.com\/hr\/proizvod\/apartman-lila-a2-id-89\/","title":{"rendered":"Apartman za 2 osobe blizu pla\u017ee Zdra\u010de Lila Murter A2 ID 89"},"content":{"rendered":"","protected":false},"excerpt":{"rendered":"<p>Apartman se nalazi u blizini marine Murter &#8211; Hramine. Blizina lokalnog sredi\u0161ta grada Murtera do kojeg se sti\u017ee za samo nekoliko minuta. Prva lokalna pla\u017ea udaljena je 180 m (gradska pla\u017ea). Blizina lokalnih benzinskih pumpi, supermarketa, restorana i kafi\u0107a. Apartman ima balkon i pogled na more. Apartman je opremljen opremom, WiFi-om i satelitskom TV. Posteljina, ru\u010dnici i zavr\u0161no \u010di\u0161\u0107enje uklju\u010deni su u cijenu.<\/p>\n","protected":false},"featured_media":25029,"template":"","meta":{"_acf_changed":false},"product_brand":[],"product_cat":[137],"product_tag":[],"class_list":{"0":"post-52374","1":"product","2":"type-product","3":"status-publish","4":"has-post-thumbnail","6":"product_cat-studio-apartmani","8":"first","9":"instock","10":"sold-individually","11":"shipping-taxable","12":"purchasable","13":"product-type-phive_booking"},"acf":[],"_links":{"self":[{"href":"https:\/\/murter-online.com\/hr\/wp-json\/wp\/v2\/product\/52374","targetHints":{"allow":["GET"]}}],"collection":[{"href":"https:\/\/murter-online.com\/hr\/wp-json\/wp\/v2\/product"}],"about":[{"href":"https:\/\/murter-online.com\/hr\/wp-json\/wp\/v2\/types\/product"}],"wp:featuredmedia":[{"embeddable":true,"href":"https:\/\/murter-online.com\/hr\/wp-json\/wp\/v2\/media\/25029"}],"wp:attachment":[{"href":"https:\/\/murter-online.com\/hr\/wp-json\/wp\/v2\/media?parent=52374"}],"wp:term":[{"taxonomy":"product_brand","embeddable":true,"href":"https:\/\/murter-online.com\/hr\/wp-json\/wp\/v2\/product_brand?post=52374"},{"taxonomy":"product_cat","embeddable":true,"href":"https:\/\/murter-online.com\/hr\/wp-json\/wp\/v2\/product_cat?post=52374"},{"taxonomy":"product_tag","embeddable":true,"href":"https:\/\/murter-online.com\/hr\/wp-json\/wp\/v2\/product_tag?post=52374"}],"curies":[{"name":"wp","href":"https:\/\/api.w.org\/{rel}","templated":true}]}}