{"id":52381,"date":"2025-01-05T12:06:54","date_gmt":"2025-01-05T11:06:54","guid":{"rendered":"https:\/\/murter.riot.hr\/?post_type=product&#038;p=52381"},"modified":"2025-04-21T07:27:22","modified_gmt":"2025-04-21T06:27:22","slug":"apartman-kornatska-hidden-place-a2-id-118","status":"publish","type":"product","link":"https:\/\/murter-online.com\/hr\/proizvod\/apartman-kornatska-hidden-place-a2-id-118\/","title":{"rendered":"Apartman za 2 osobe &#8211; studio Kornatska Hidden Place Murter A2 ID 118"},"content":{"rendered":"","protected":false},"excerpt":{"rendered":"<p>Apartman se nalazi na odli\u010dnoj lokaciji samo 350 metara udaljen od mora. Apartman ima povr\u0161inu od 25 m2. Ima jednu spava\u0107u sobu u kojoj mogu spavati 2 odrasle osobe. Ima kupaonicu sa tu\u0161-kadom. Povr\u0161ina Balkon\/terase je 10 m2. Apartman se nalazi u prizemlju. Apartman je opremljen sa tv-om, pe\u0107nicom, besplatnim wifi internet priklju\u010dkom. Parking je osiguran i uklju\u010den u cijenu. Postoji vanjski ro\u0161tilj koji se mo\u017ee koristiti. Apartman je oko 450 m. udaljen od centra mjesta a 350 m. od mora ili prve pla\u017ee u mjestu Murter. Ku\u0107ni ljubimci su dozvoljeni uz dodatnu naknadu.<\/p>\n","protected":false},"featured_media":24961,"template":"","meta":{"_acf_changed":false},"product_brand":[],"product_cat":[137],"product_tag":[],"class_list":{"0":"post-52381","1":"product","2":"type-product","3":"status-publish","4":"has-post-thumbnail","6":"product_cat-studio-apartmani","8":"first","9":"instock","10":"sold-individually","11":"shipping-taxable","12":"purchasable","13":"product-type-phive_booking"},"acf":[],"_links":{"self":[{"href":"https:\/\/murter-online.com\/hr\/wp-json\/wp\/v2\/product\/52381","targetHints":{"allow":["GET"]}}],"collection":[{"href":"https:\/\/murter-online.com\/hr\/wp-json\/wp\/v2\/product"}],"about":[{"href":"https:\/\/murter-online.com\/hr\/wp-json\/wp\/v2\/types\/product"}],"wp:featuredmedia":[{"embeddable":true,"href":"https:\/\/murter-online.com\/hr\/wp-json\/wp\/v2\/media\/24961"}],"wp:attachment":[{"href":"https:\/\/murter-online.com\/hr\/wp-json\/wp\/v2\/media?parent=52381"}],"wp:term":[{"taxonomy":"product_brand","embeddable":true,"href":"https:\/\/murter-online.com\/hr\/wp-json\/wp\/v2\/product_brand?post=52381"},{"taxonomy":"product_cat","embeddable":true,"href":"https:\/\/murter-online.com\/hr\/wp-json\/wp\/v2\/product_cat?post=52381"},{"taxonomy":"product_tag","embeddable":true,"href":"https:\/\/murter-online.com\/hr\/wp-json\/wp\/v2\/product_tag?post=52381"}],"curies":[{"name":"wp","href":"https:\/\/api.w.org\/{rel}","templated":true}]}}