{"id":52385,"date":"2025-01-05T12:04:03","date_gmt":"2025-01-05T11:04:03","guid":{"rendered":"https:\/\/murter.riot.hr\/?post_type=product&#038;p=52385"},"modified":"2025-04-21T07:19:30","modified_gmt":"2025-04-21T06:19:30","slug":"apartman-goranka-studio-a2-id-06","status":"publish","type":"product","link":"https:\/\/murter-online.com\/hr\/proizvod\/apartman-goranka-studio-a2-id-06\/","title":{"rendered":"Apartman za 2 osobe &#8211; studio Jelena Murter A2 ID 06"},"content":{"rendered":"","protected":false},"excerpt":{"rendered":"<p>Raspored prostorija: Apartman studio &#8211; dnevni boravak, kuhinja i soba su jedna prostorija, Broj kupaonica s tu\u0161em i wc-om: 1,Veli\u010dina terase: Oprema smje\u0161tajne jedinice: Klimatizacija,Sat TV,Nema perilice rublja, Hladnjak,\u0160tednjak,TV,Grijanje,Aparat za kavu,Mikrovalna,Internet,Ro\u0161tilj, Pozicija i eksterijer smje\u0161tajne jedinice: Pogled na more, Pogled na vrt,Samostalni ulaz,Prizemlje, Dodatne informacije: Check in od : 14sati,Check out do: 10sati, Ku\u0107ni ljubimci nisu dozvoljeni,Nije dozvoljeno pu\u0161enje, Cijena uklju\u010duje: Tjedno mjenjanje posteljine,Ru\u010dnici,Pribor za kuhanje i jelo,Utro\u0161ak struje, vode i plina,Pribor za \u010di\u0161\u0107enje,Toaletni papir (pri dolasku),Zavr\u0161no \u010di\u0161\u0107enje,<\/p>\n","protected":false},"featured_media":24861,"template":"","meta":{"_acf_changed":false},"product_brand":[],"product_cat":[137],"product_tag":[],"class_list":{"0":"post-52385","1":"product","2":"type-product","3":"status-publish","4":"has-post-thumbnail","6":"product_cat-studio-apartmani","8":"first","9":"instock","10":"sold-individually","11":"shipping-taxable","12":"purchasable","13":"product-type-phive_booking"},"acf":[],"_links":{"self":[{"href":"https:\/\/murter-online.com\/hr\/wp-json\/wp\/v2\/product\/52385","targetHints":{"allow":["GET"]}}],"collection":[{"href":"https:\/\/murter-online.com\/hr\/wp-json\/wp\/v2\/product"}],"about":[{"href":"https:\/\/murter-online.com\/hr\/wp-json\/wp\/v2\/types\/product"}],"wp:featuredmedia":[{"embeddable":true,"href":"https:\/\/murter-online.com\/hr\/wp-json\/wp\/v2\/media\/24861"}],"wp:attachment":[{"href":"https:\/\/murter-online.com\/hr\/wp-json\/wp\/v2\/media?parent=52385"}],"wp:term":[{"taxonomy":"product_brand","embeddable":true,"href":"https:\/\/murter-online.com\/hr\/wp-json\/wp\/v2\/product_brand?post=52385"},{"taxonomy":"product_cat","embeddable":true,"href":"https:\/\/murter-online.com\/hr\/wp-json\/wp\/v2\/product_cat?post=52385"},{"taxonomy":"product_tag","embeddable":true,"href":"https:\/\/murter-online.com\/hr\/wp-json\/wp\/v2\/product_tag?post=52385"}],"curies":[{"name":"wp","href":"https:\/\/api.w.org\/{rel}","templated":true}]}}