{"id":52395,"date":"2025-01-05T10:46:36","date_gmt":"2025-01-05T09:46:36","guid":{"rendered":"https:\/\/murter.riot.hr\/?post_type=product&#038;p=52395"},"modified":"2025-04-21T06:56:27","modified_gmt":"2025-04-21T05:56:27","slug":"apartman-cigrada-pool-paradise-a21-id-134","status":"publish","type":"product","link":"https:\/\/murter-online.com\/hr\/proizvod\/apartman-cigrada-pool-paradise-a21-id-134\/","title":{"rendered":"Apartman sa bazenom za 2+1 osobe studio Pool Paradise Murter A2+1 ID 134"},"content":{"rendered":"","protected":false},"excerpt":{"rendered":"<p>Apartman je oko 800 metara udaljen od mora. Apartman ima povr\u0161inu od 30 m2. U studio apartmanu mogu spavati 3 odrasle osobe. Nema dnevni boravak. Ima kupaonicu sa tu\u0161-kadom. Povr\u0161ina Balkon\/terase je 10 m2. Apartman se nalazi na prvom katu ku\u0107e. Apartman je opremljen sa tv-om, klimom, satelitskim prijemnikom, besplatnim WiFi internet priklju\u010dkom. Parking je osiguran i uklju\u010den u cijenu. Postoji vanjski ro\u0161tilj koji se mo\u017ee koristiti. Apartman je oko 800 m. udaljen od centra mjesta a 800 m. od mora ili prve pla\u017ee u mjestu Murter. Ku\u0107ni ljubimci na upit.<\/p>\n","protected":false},"featured_media":24637,"template":"","meta":{"_acf_changed":false},"product_brand":[],"product_cat":[137],"product_tag":[],"class_list":{"0":"post-52395","1":"product","2":"type-product","3":"status-publish","4":"has-post-thumbnail","6":"product_cat-studio-apartmani","8":"first","9":"instock","10":"sold-individually","11":"shipping-taxable","12":"purchasable","13":"product-type-phive_booking"},"acf":[],"_links":{"self":[{"href":"https:\/\/murter-online.com\/hr\/wp-json\/wp\/v2\/product\/52395","targetHints":{"allow":["GET"]}}],"collection":[{"href":"https:\/\/murter-online.com\/hr\/wp-json\/wp\/v2\/product"}],"about":[{"href":"https:\/\/murter-online.com\/hr\/wp-json\/wp\/v2\/types\/product"}],"wp:featuredmedia":[{"embeddable":true,"href":"https:\/\/murter-online.com\/hr\/wp-json\/wp\/v2\/media\/24637"}],"wp:attachment":[{"href":"https:\/\/murter-online.com\/hr\/wp-json\/wp\/v2\/media?parent=52395"}],"wp:term":[{"taxonomy":"product_brand","embeddable":true,"href":"https:\/\/murter-online.com\/hr\/wp-json\/wp\/v2\/product_brand?post=52395"},{"taxonomy":"product_cat","embeddable":true,"href":"https:\/\/murter-online.com\/hr\/wp-json\/wp\/v2\/product_cat?post=52395"},{"taxonomy":"product_tag","embeddable":true,"href":"https:\/\/murter-online.com\/hr\/wp-json\/wp\/v2\/product_tag?post=52395"}],"curies":[{"name":"wp","href":"https:\/\/api.w.org\/{rel}","templated":true}]}}