{"id":52397,"date":"2025-01-05T10:43:05","date_gmt":"2025-01-05T10:43:05","guid":{"rendered":"https:\/\/murter.riot.hr\/?post_type=product&#038;p=52397"},"modified":"2025-04-21T06:47:45","modified_gmt":"2025-04-21T05:47:45","slug":"apartman-cigrada-pool-paradise-a2-id-136","status":"publish","type":"product","link":"https:\/\/murter-online.com\/hr\/proizvod\/apartman-cigrada-pool-paradise-a2-id-136\/","title":{"rendered":"Studio apartman sa baeznom Pool Paradise A2 ID 136"},"content":{"rendered":"","protected":false},"excerpt":{"rendered":"<p>Apartman je oko 750 metara udaljen od mora. Apartman ima povr\u0161inu od 30 m2. U studio apartmanu mogu spavati 2 odrasle osobe. Nema dnevni boravak. Ima kupaonicu sa tu\u0161-kadom. Povr\u0161ina Balkon\/terase je 10 m2. Apartman se nalazi u prizemlju. Apartman je opremljen sa tv-om, klimom, satelitskim prijemnikom, besplatnim wifi internet priklju\u010dkom. Parking je osiguran i uklju\u010den u cijenu. Postoji vanjski ro\u0161tilj koji se mo\u017ee koristiti. Postoji vanjski bazen koji se mo\u017ee koristiti. Ku\u0107ni ljubimci na upit.<\/p>\n","protected":false},"featured_media":24453,"template":"","meta":{"_acf_changed":false},"product_brand":[],"product_cat":[129,134,137],"product_tag":[],"class_list":{"0":"post-52397","1":"product","2":"type-product","3":"status-publish","4":"has-post-thumbnail","6":"product_cat-apartmani","7":"product_cat-apartmani-s-bazenom","8":"product_cat-studio-apartmani","10":"first","11":"instock","12":"sold-individually","13":"shipping-taxable","14":"purchasable","15":"product-type-phive_booking"},"acf":[],"_links":{"self":[{"href":"https:\/\/murter-online.com\/hr\/wp-json\/wp\/v2\/product\/52397","targetHints":{"allow":["GET"]}}],"collection":[{"href":"https:\/\/murter-online.com\/hr\/wp-json\/wp\/v2\/product"}],"about":[{"href":"https:\/\/murter-online.com\/hr\/wp-json\/wp\/v2\/types\/product"}],"wp:featuredmedia":[{"embeddable":true,"href":"https:\/\/murter-online.com\/hr\/wp-json\/wp\/v2\/media\/24453"}],"wp:attachment":[{"href":"https:\/\/murter-online.com\/hr\/wp-json\/wp\/v2\/media?parent=52397"}],"wp:term":[{"taxonomy":"product_brand","embeddable":true,"href":"https:\/\/murter-online.com\/hr\/wp-json\/wp\/v2\/product_brand?post=52397"},{"taxonomy":"product_cat","embeddable":true,"href":"https:\/\/murter-online.com\/hr\/wp-json\/wp\/v2\/product_cat?post=52397"},{"taxonomy":"product_tag","embeddable":true,"href":"https:\/\/murter-online.com\/hr\/wp-json\/wp\/v2\/product_tag?post=52397"}],"curies":[{"name":"wp","href":"https:\/\/api.w.org\/{rel}","templated":true}]}}